{"id":4409,"date":"2022-03-14T10:40:47","date_gmt":"2022-03-14T10:40:47","guid":{"rendered":"https:\/\/algarveremovals.com\/staging\/contacto\/"},"modified":"2022-04-25T21:08:09","modified_gmt":"2022-04-25T21:08:09","slug":"contacto","status":"publish","type":"page","link":"https:\/\/www.malagaremovals.com\/es\/contacto\/","title":{"rendered":"Contacto"},"content":{"rendered":"\r\n<div class=\"block-row-full\">\t\t\t\r\n\t<div id=\"ar-contact\" class=\"ar-contact uk-section uk-position-relative sd9-block uk-background-muted\"> \r\n\t\t\r\n\t\t<div class=\"uk-width-1-1\">\r\n\t\t\t<div class=\"uk-container\">\r\n\t\t\t\t\t\t\t\t\t\t\t\t\r\n\t\t\t\t\t\t\t\t\t<div class=\"uk-text-center uk-margin-large-bottom\">\r\n\t\t\t\t\t\t<h3 class=\"section-title red\">Ponerse en contacto<\/h3>\t\r\n\t\t\t\t\t\t<div class=\"desc fs14\">Si tiene alguna pregunta sobre las mudanzas de M\u00e1laga o c\u00f3mo podemos ayudarlo, cont\u00e1ctenos directamente seleccionando uno de los contactos de dep\u00f3sito a continuaci\u00f3n que sea m\u00e1s relevante para su consulta o complete nuestro breve formulario de contacto y estaremos encantados de responderle. para ti.<\/div>\t\t\t\t\t<\/div>\r\n\t\t\t\t\t\t\t\t\r\n\t\t\t\t<div class=\"contact-container\">\r\n\t\t\t\t\r\n\t\t\t\t\t<div class=\"offices\">\r\n\t\t\t\t\t\t\t\t\t\t\t\t\t<div class=\"uk-child-width-1-3@m uk-flex uk-flex-center uk-text-center uk-grid-small\" uk-grid uk-scrollspy=\"cls: uk-animation-fade; target: .uk-card; delay: 50; repeat: true;\">\r\n\t\t\t\t\t\t\t\t\t\t\t\t\t\t\t\t\t\r\n\t\t\t\t\t\t\t\t\t<div class=\"location location-1\">\r\n\t\t\t\t\t\t\t\t\t\t<div class=\"uk-card uk-card-default\">\r\n\t\t\t\t\t\t\t\t\t\t\t<div class=\"uk-card-header\">\r\n\t\t\t\t\t\t\t\t\t\t\t\t<h3 class=\"uk-card-title uk-margin-remove-bottom\">United Kingdom<\/h3>\r\n\t\t\t\t\t\t\t\t\t\t\t<\/div>\r\n\t\t\t\t\t\t\t\t\t\t\t<div class=\"uk-card-body\">\r\n\t\t\t\t\t\t\t\t\t\t\t\t<div class=\"map\">\r\n\t\t\t\t\t\t\t\t\t\t\t\t\t<iframe src=\"https:\/\/www.google.com\/maps\/embed?pb=!1m14!1m8!1m3!1d2471.947501000912!2d0.638015!3d51.715703000000005!3m2!1i1024!2i768!4f13.1!3m3!1m2!1s0x0%3A0x20207d31a55e742a!2sAlgarve%20Removals!5e0!3m2!1sen!2suk!4v1645260566959!5m2!1sen!2suk\" width=\"600\" height=\"300\" style=\"border:0;\" allowfullscreen=\"\" loading=\"lazy\"><\/iframe>\t\t\t\t\t\t\t\t\t\t\t\t<\/div>\t\t\t\t\t\t\t\t\t\t\t\r\n\t\t\t\t\t\t\t\t\t\t\t\t<div class=\"address fs14\"><p><b>Algarve Removals Ltd<\/b><br \/>\nHall Farm,<br \/>\nMaldon Road,<br \/>\nWoodham Mortimer, Maldon<br \/>\nEssex, CM9 6SN<\/p>\n<p><b>Tel:<\/b> <a class=\"\" href=\"tel:01621 850070\">01621 850070<\/a><br \/>\n<b>Email:<\/b> <a class=\"\" href=\"mailto:sales@algarveremovals.com\">sales@algarveremovals.com<\/a><\/p>\n<p><b>Opening Times:<\/b><br \/>\n9.00am \u2013 5.00pm Mon \u2013 Fri<br \/>\nClosed Saturday &#038; Sunday<\/p>\n<\/div>\r\n\t\t\t\t\t\t\t\t\t\t\t<\/div>\r\n\t\t\t\t\t\t\t\t\t\t<\/div>\t\t\t\t\t\t\t\r\n\t\t\t\t\t\t\t\t\t\t\t\t\t\t\t\t\r\n\t\t\t\t\t\t\t\t\t<\/div>\r\n\t\t\t\t\t\t\t\t\t\t\t\t\t\t\t\t\t\r\n\t\t\t\t\t\t\t\t\t<div class=\"location location-2\">\r\n\t\t\t\t\t\t\t\t\t\t<div class=\"uk-card uk-card-default\">\r\n\t\t\t\t\t\t\t\t\t\t\t<div class=\"uk-card-header\">\r\n\t\t\t\t\t\t\t\t\t\t\t\t<h3 class=\"uk-card-title uk-margin-remove-bottom\">Spain<\/h3>\r\n\t\t\t\t\t\t\t\t\t\t\t<\/div>\r\n\t\t\t\t\t\t\t\t\t\t\t<div class=\"uk-card-body\">\r\n\t\t\t\t\t\t\t\t\t\t\t\t<div class=\"map\">\r\n\t\t\t\t\t\t\t\t\t\t\t\t\t<iframe src=\"https:\/\/www.google.com\/maps\/embed?pb=!1m14!1m8!1m3!1d25607.205258162652!2d-4.654144812042231!3d36.65284046208199!3m2!1i1024!2i768!4f13.1!3m3!1m2!1s0x0%3A0x11a92645e9bc8f06!2sMalaga%20Removals%20Ltd!5e0!3m2!1sen!2suk!4v1645263205839!5m2!1sen!2suk\" width=\"600\" height=\"300\" style=\"border:0;\" allowfullscreen=\"\" loading=\"lazy\"><\/iframe>\t\t\t\t\t\t\t\t\t\t\t\t<\/div>\t\t\t\t\t\t\t\t\t\t\t\r\n\t\t\t\t\t\t\t\t\t\t\t\t<div class=\"address fs14\"><p><b>Malaga Removals S.L<\/b><br \/>\nCalle Guadalquivir, No 13<br \/>\nPoligono La Rosa<br \/>\nAlhaurin El Grande,<br \/>\n29120, Malaga, Spain<\/p>\n<p><b>Tel:<\/b> <a class=\"\" href=\"tel:+34 951 121 857\">+34 951 121 857<\/a><br \/>\n<b>Email:<\/b> <a class=\"\" href=\"mailto:sales@malagaremovals.com\">sales@malagaremovals.com<\/a><\/p>\n<p><b>Opening Times:<\/b><br \/>\n9.00am \u2013 5.00pm Mon \u2013 Fri<br \/>\nClosed Saturday &#038; Sunday<\/p>\n<\/div>\r\n\t\t\t\t\t\t\t\t\t\t\t<\/div>\r\n\t\t\t\t\t\t\t\t\t\t<\/div>\t\t\t\t\t\t\t\r\n\t\t\t\t\t\t\t\t\t\t\t\t\t\t\t\t\r\n\t\t\t\t\t\t\t\t\t<\/div>\r\n\t\t\t\t\t\t\t\t\t\t\t\t\t\t\t\t\t\r\n\t\t\t\t\t\t\t\t\t<div class=\"location location-3\">\r\n\t\t\t\t\t\t\t\t\t\t<div class=\"uk-card uk-card-default\">\r\n\t\t\t\t\t\t\t\t\t\t\t<div class=\"uk-card-header\">\r\n\t\t\t\t\t\t\t\t\t\t\t\t<h3 class=\"uk-card-title uk-margin-remove-bottom\">Portugal<\/h3>\r\n\t\t\t\t\t\t\t\t\t\t\t<\/div>\r\n\t\t\t\t\t\t\t\t\t\t\t<div class=\"uk-card-body\">\r\n\t\t\t\t\t\t\t\t\t\t\t\t<div class=\"map\">\r\n\t\t\t\t\t\t\t\t\t\t\t\t\t<iframe src=\"https:\/\/www.google.com\/maps\/embed?pb=!1m14!1m8!1m3!1d6359.6734234112455!2d-8.29249!3d37.156582!3m2!1i1024!2i768!4f13.1!3m3!1m2!1s0x0%3A0xa38c7b7d4270597c!2sMSD%20Algarve%20Removals%20LDA!5e0!3m2!1sen!2suk!4v1645263133625!5m2!1sen!2suk\" width=\"600\" height=\"300\" style=\"border:0;\" allowfullscreen=\"\" loading=\"lazy\"><\/iframe>\t\t\t\t\t\t\t\t\t\t\t\t<\/div>\t\t\t\t\t\t\t\t\t\t\t\r\n\t\t\t\t\t\t\t\t\t\t\t\t<div class=\"address fs14\"><p><b>Algarve Removals Lda<\/b><br \/>\nZona Industrial Vales de Algoz,<br \/>\nLote 6, Rua de Taipas,<br \/>\n8365-087,<br \/>\nAlgarve, Portugal.<\/p>\n<p><b>Tel:<\/b> <a class=\"\" href=\"tel:00351 289 513 851\">00351 289 513 851<\/a><\/b><br \/>\n<b>Email:<\/b> <a class=\"\" href=\"mailto:sales@algarveremovals.com\">sales@algarveremovals.com<\/a><\/p>\n<p><b>Opening Times:<\/b><br \/>\n9.00am \u2013 5.00pm Mon \u2013 Fri<br \/>\nClosed Saturday &#038; Sunday<\/p>\n<\/div>\r\n\t\t\t\t\t\t\t\t\t\t\t<\/div>\r\n\t\t\t\t\t\t\t\t\t\t<\/div>\t\t\t\t\t\t\t\r\n\t\t\t\t\t\t\t\t\t\t\t\t\t\t\t\t\r\n\t\t\t\t\t\t\t\t\t<\/div>\r\n\t\t\t\t\t\t\t\t\t\t\t\t\t\t\t<\/div>\r\n\t\t\t\t\t\t\t\t\t\t\t\t\r\n\t\t\t\t\t<\/div>\r\n\t\t\t\t\t<div class=\"contact-form\">\r\n\t\t\t\t\t\t\t\t\t\t\t\t\t<div id=\"callbackform\" class=\"contact-form uk-background-default uk-padding uk-margin-medium-top uk-text-center\">\r\n\t\t\t\t\t\t\t\t<div class=\"title\"><h3 class=\"uk-card-title\">Contact Form<\/h3><\/div>\r\n\t\t\t\t\t\t\t\t\n<div class=\"wpcf7 no-js\" id=\"wpcf7-f4446-o1\" lang=\"es-ES\" dir=\"ltr\" data-wpcf7-id=\"4446\">\n<div class=\"screen-reader-response\"><p role=\"status\" aria-live=\"polite\" aria-atomic=\"true\"><\/p> <ul><\/ul><\/div>\n<form action=\"\/es\/wp-json\/wp\/v2\/pages\/4409#wpcf7-f4446-o1\" method=\"post\" class=\"wpcf7-form init\" aria-label=\"Formulario de contacto\" novalidate=\"novalidate\" data-status=\"init\">\n<fieldset class=\"hidden-fields-container\"><input type=\"hidden\" name=\"_wpcf7\" value=\"4446\" \/><input type=\"hidden\" name=\"_wpcf7_version\" value=\"6.1.3\" \/><input type=\"hidden\" name=\"_wpcf7_locale\" value=\"es_ES\" \/><input type=\"hidden\" name=\"_wpcf7_unit_tag\" value=\"wpcf7-f4446-o1\" \/><input type=\"hidden\" name=\"_wpcf7_container_post\" value=\"0\" \/><input type=\"hidden\" name=\"_wpcf7_posted_data_hash\" value=\"\" \/><input type=\"hidden\" name=\"_wpcf7_recaptcha_response\" value=\"\" \/>\n<\/fieldset>\n<p><label>Nombre:<br \/>\n<\/label><span class=\"wpcf7-form-control-wrap\" data-name=\"your-name\"><input size=\"40\" maxlength=\"400\" class=\"wpcf7-form-control wpcf7-text wpcf7-validates-as-required\" aria-required=\"true\" aria-invalid=\"false\" value=\"\" type=\"text\" name=\"your-name\" \/><\/span>\n<\/p>\n<p><label>Direcci\u00f3n de correo electr\u00f3nico:<\/label><span class=\"wpcf7-form-control-wrap\" data-name=\"your-email\"><input size=\"40\" maxlength=\"400\" class=\"wpcf7-form-control wpcf7-email wpcf7-validates-as-required wpcf7-text wpcf7-validates-as-email\" aria-required=\"true\" aria-invalid=\"false\" value=\"\" type=\"email\" name=\"your-email\" \/><\/span>\n<\/p>\n<p><label>Tel\u00e9fono:<\/label><span class=\"wpcf7-form-control-wrap\" data-name=\"your-telephone\"><input size=\"40\" maxlength=\"400\" class=\"wpcf7-form-control wpcf7-text\" aria-invalid=\"false\" value=\"\" type=\"text\" name=\"your-telephone\" \/><\/span>\n<\/p>\n<p><label>Mensaje:<\/label><span class=\"wpcf7-form-control-wrap\" data-name=\"your-message\"><textarea cols=\"40\" rows=\"10\" maxlength=\"2000\" class=\"wpcf7-form-control wpcf7-textarea\" aria-invalid=\"false\" name=\"your-message\"><\/textarea><\/span>\n<\/p>\n<h3>T\u00e9rminos y condiciones:\n<\/h3>\n<p class=\"desc\">Queremos que sepas c\u00f3mo funciona nuestro servicio y por qu\u00e9 y c\u00f3mo tratamos tus datos. Indique que ha le\u00eddo y aceptado estos t\u00e9rminos y condiciones. <a href=\"https:\/\/www.malagaremovals.com\/terms-and-conditions\/\" target=\"_blank\">Haga clic aqu\u00ed para conocer nuestros t\u00e9rminos y condiciones<\/a>\n<\/p>\n<p><span class=\"wpcf7-form-control-wrap\" data-name=\"checkbox-579\"><span class=\"wpcf7-form-control wpcf7-checkbox wpcf7-validates-as-required\"><span class=\"wpcf7-list-item first last\"><label><input type=\"checkbox\" name=\"checkbox-579[]\" value=\"He le\u00eddo y acepto los T\u00e9rminos y condiciones\" \/><span class=\"wpcf7-list-item-label\">He le\u00eddo y acepto los T\u00e9rminos y condiciones<\/span><\/label><\/span><\/span><\/span>\n<\/p>\n<h3>Permiso de contacto\n<\/h3>\n<p class=\"desc\">De vez en cuando nos gustar\u00eda recibir boletines y ofertas y la informaci\u00f3n m\u00e1s reciente de Exclusive Removals Limited por correo electr\u00f3nico, correo postal, SMS y otros medios electr\u00f3nicos. Nos tomamos muy en serio su privacidad y solo utilizaremos su informaci\u00f3n personal para administrar su cuenta y proporcionar los servicios que nos ha solicitado. Si acepta que nos comuniquemos con usted para este prop\u00f3sito, marque para decir c\u00f3mo desea que nos comuniquemos con usted.\n<\/p>\n<p class=\"inline\"><span class=\"wpcf7-form-control-wrap\" data-name=\"checkbox-249\"><span class=\"wpcf7-form-control wpcf7-checkbox\"><span class=\"wpcf7-list-item first\"><label><input type=\"checkbox\" name=\"checkbox-249[]\" value=\"Postal\" \/><span class=\"wpcf7-list-item-label\">Postal<\/span><\/label><\/span><span class=\"wpcf7-list-item\"><label><input type=\"checkbox\" name=\"checkbox-249[]\" value=\"Correo electr\u00f3nico\" \/><span class=\"wpcf7-list-item-label\">Correo electr\u00f3nico<\/span><\/label><\/span><span class=\"wpcf7-list-item\"><label><input type=\"checkbox\" name=\"checkbox-249[]\" value=\"Tel\u00e9fono\" \/><span class=\"wpcf7-list-item-label\">Tel\u00e9fono<\/span><\/label><\/span><span class=\"wpcf7-list-item last\"><label><input type=\"checkbox\" name=\"checkbox-249[]\" value=\"SMS\" \/><span class=\"wpcf7-list-item-label\">SMS<\/span><\/label><\/span><\/span><\/span>\n<\/p>\n<p><span id=\"wpcf7-69f454e2a389c-wrapper\" class=\"wpcf7-form-control-wrap honeypot-fg543-wrap\" style=\"display:none !important; visibility:hidden !important;\"><label for=\"wpcf7-69f454e2a389c-field\" class=\"hp-message\">Por favor, deja este campo vac\u00edo.<\/label><input id=\"wpcf7-69f454e2a389c-field\"  class=\"wpcf7-form-control wpcf7-text\" type=\"text\" name=\"honeypot-fg543\" value=\"\" size=\"40\" tabindex=\"-1\" autocomplete=\"new-password\" \/><\/span>\n<\/p>\n<div class=\"column one\">\n\t<p class=\"desc\">H\u00e1ganos saber que es humano ingresando los siguientes 4 d\u00edgitos en el cuadro:\n\t<\/p>\n\t<p class=\"small\"><input type=\"hidden\" name=\"_wpcf7_captcha_challenge_captcha-176\" value=\"2925707082\" \/><img decoding=\"async\" class=\"wpcf7-form-control wpcf7-captchac wpcf7-captcha-captcha-176\" width=\"72\" height=\"24\" alt=\"captcha\" src=\"https:\/\/www.malagaremovals.com\/wp-content\/uploads\/wpcf7_captcha\/2925707082.png\" \/><span class=\"wpcf7-form-control-wrap\" data-name=\"captcha-176\"><input size=\"40\" class=\"wpcf7-form-control wpcf7-captchar\" autocomplete=\"off\" aria-invalid=\"false\" value=\"\" type=\"text\" name=\"captcha-176\" \/><\/span>\n\t<\/p>\n<\/div>\n<p class=\"small inline\">[wpgdprc use_label_element \u00abAl utilizar este formulario, usted est\u00e1 de acuerdo con el almacenamiento y el tratamiento de sus datos por parte de este sitio web.\u00bb]\n<\/p>\n<div class=\"btn-container\">\n\t<p><input class=\"wpcf7-form-control wpcf7-submit has-spinner uk-button uk-button-large\" type=\"submit\" value=\"Enviar mensaje\" \/>\n\t<\/p>\n<\/div><p style=\"display: none !important;\" class=\"akismet-fields-container\" data-prefix=\"_wpcf7_ak_\"><label>&#916;<textarea name=\"_wpcf7_ak_hp_textarea\" cols=\"45\" rows=\"8\" maxlength=\"100\"><\/textarea><\/label><input type=\"hidden\" id=\"ak_js_1\" name=\"_wpcf7_ak_js\" value=\"31\"\/><script>document.getElementById( \"ak_js_1\" ).setAttribute( \"value\", ( new Date() ).getTime() );<\/script><\/p><div class=\"wpcf7-response-output\" aria-hidden=\"true\"><\/div>\n<\/form>\n<\/div>\n\t\t\t\t\t\t\t<\/div>\r\n\t\t\t\t\t\t\t\t\t\t\t\t\r\n\t\t\t\t\t<\/div>\r\n\t\t\t\t<\/div>\r\n\t\t\t<\/div>\r\n\t\t<\/div>\r\n\t<\/div><!-- .container -->\r\n<\/div><!-- .container -->\r\n\r\n\r\n\r\n\r\n","protected":false},"excerpt":{"rendered":"","protected":false},"author":1,"featured_media":0,"parent":0,"menu_order":0,"comment_status":"closed","ping_status":"closed","template":"","meta":{"_acf_changed":false,"footnotes":""},"class_list":["post-4409","page","type-page","status-publish","hentry"],"acf":[],"yoast_head":"<!-- This site is optimized with the Yoast SEO plugin v26.6 - https:\/\/yoast.com\/wordpress\/plugins\/seo\/ -->\n<title>Contacto - Malaga Removals<\/title>\n<meta name=\"robots\" content=\"index, follow, max-snippet:-1, max-image-preview:large, max-video-preview:-1\" \/>\n<link rel=\"canonical\" href=\"https:\/\/www.malagaremovals.com\/es\/contacto\/\" \/>\n<meta property=\"og:locale\" content=\"es_ES\" \/>\n<meta property=\"og:type\" content=\"article\" \/>\n<meta property=\"og:title\" content=\"Contacto - Malaga Removals\" \/>\n<meta property=\"og:url\" content=\"https:\/\/www.malagaremovals.com\/es\/contacto\/\" \/>\n<meta property=\"og:site_name\" content=\"Malaga Removals\" \/>\n<meta property=\"article:publisher\" content=\"https:\/\/www.facebook.com\/algarve.removals\/\" \/>\n<meta property=\"article:modified_time\" content=\"2022-04-25T21:08:09+00:00\" \/>\n<meta name=\"twitter:card\" content=\"summary_large_image\" \/>\n<script type=\"application\/ld+json\" class=\"yoast-schema-graph\">{\"@context\":\"https:\/\/schema.org\",\"@graph\":[{\"@type\":\"WebPage\",\"@id\":\"https:\/\/www.malagaremovals.com\/es\/contacto\/\",\"url\":\"https:\/\/www.malagaremovals.com\/es\/contacto\/\",\"name\":\"Contacto - Malaga Removals\",\"isPartOf\":{\"@id\":\"https:\/\/www.malagaremovals.com\/es\/#website\"},\"datePublished\":\"2022-03-14T10:40:47+00:00\",\"dateModified\":\"2022-04-25T21:08:09+00:00\",\"breadcrumb\":{\"@id\":\"https:\/\/www.malagaremovals.com\/es\/contacto\/#breadcrumb\"},\"inLanguage\":\"es\",\"potentialAction\":[{\"@type\":\"ReadAction\",\"target\":[\"https:\/\/www.malagaremovals.com\/es\/contacto\/\"]}]},{\"@type\":\"BreadcrumbList\",\"@id\":\"https:\/\/www.malagaremovals.com\/es\/contacto\/#breadcrumb\",\"itemListElement\":[{\"@type\":\"ListItem\",\"position\":1,\"name\":\"Home\",\"item\":\"https:\/\/www.malagaremovals.com\/es\/\"},{\"@type\":\"ListItem\",\"position\":2,\"name\":\"Contacto\"}]},{\"@type\":\"WebSite\",\"@id\":\"https:\/\/www.malagaremovals.com\/es\/#website\",\"url\":\"https:\/\/www.malagaremovals.com\/es\/\",\"name\":\"Malaga Removals\",\"description\":\"Removals Services to Malaga Spain\",\"potentialAction\":[{\"@type\":\"SearchAction\",\"target\":{\"@type\":\"EntryPoint\",\"urlTemplate\":\"https:\/\/www.malagaremovals.com\/es\/?s={search_term_string}\"},\"query-input\":{\"@type\":\"PropertyValueSpecification\",\"valueRequired\":true,\"valueName\":\"search_term_string\"}}],\"inLanguage\":\"es\"}]}<\/script>\n<!-- \/ Yoast SEO plugin. -->","yoast_head_json":{"title":"Contacto - Malaga Removals","robots":{"index":"index","follow":"follow","max-snippet":"max-snippet:-1","max-image-preview":"max-image-preview:large","max-video-preview":"max-video-preview:-1"},"canonical":"https:\/\/www.malagaremovals.com\/es\/contacto\/","og_locale":"es_ES","og_type":"article","og_title":"Contacto - Malaga Removals","og_url":"https:\/\/www.malagaremovals.com\/es\/contacto\/","og_site_name":"Malaga Removals","article_publisher":"https:\/\/www.facebook.com\/algarve.removals\/","article_modified_time":"2022-04-25T21:08:09+00:00","twitter_card":"summary_large_image","schema":{"@context":"https:\/\/schema.org","@graph":[{"@type":"WebPage","@id":"https:\/\/www.malagaremovals.com\/es\/contacto\/","url":"https:\/\/www.malagaremovals.com\/es\/contacto\/","name":"Contacto - Malaga Removals","isPartOf":{"@id":"https:\/\/www.malagaremovals.com\/es\/#website"},"datePublished":"2022-03-14T10:40:47+00:00","dateModified":"2022-04-25T21:08:09+00:00","breadcrumb":{"@id":"https:\/\/www.malagaremovals.com\/es\/contacto\/#breadcrumb"},"inLanguage":"es","potentialAction":[{"@type":"ReadAction","target":["https:\/\/www.malagaremovals.com\/es\/contacto\/"]}]},{"@type":"BreadcrumbList","@id":"https:\/\/www.malagaremovals.com\/es\/contacto\/#breadcrumb","itemListElement":[{"@type":"ListItem","position":1,"name":"Home","item":"https:\/\/www.malagaremovals.com\/es\/"},{"@type":"ListItem","position":2,"name":"Contacto"}]},{"@type":"WebSite","@id":"https:\/\/www.malagaremovals.com\/es\/#website","url":"https:\/\/www.malagaremovals.com\/es\/","name":"Malaga Removals","description":"Removals Services to Malaga Spain","potentialAction":[{"@type":"SearchAction","target":{"@type":"EntryPoint","urlTemplate":"https:\/\/www.malagaremovals.com\/es\/?s={search_term_string}"},"query-input":{"@type":"PropertyValueSpecification","valueRequired":true,"valueName":"search_term_string"}}],"inLanguage":"es"}]}},"_links":{"self":[{"href":"https:\/\/www.malagaremovals.com\/es\/wp-json\/wp\/v2\/pages\/4409","targetHints":{"allow":["GET"]}}],"collection":[{"href":"https:\/\/www.malagaremovals.com\/es\/wp-json\/wp\/v2\/pages"}],"about":[{"href":"https:\/\/www.malagaremovals.com\/es\/wp-json\/wp\/v2\/types\/page"}],"author":[{"embeddable":true,"href":"https:\/\/www.malagaremovals.com\/es\/wp-json\/wp\/v2\/users\/1"}],"replies":[{"embeddable":true,"href":"https:\/\/www.malagaremovals.com\/es\/wp-json\/wp\/v2\/comments?post=4409"}],"version-history":[{"count":6,"href":"https:\/\/www.malagaremovals.com\/es\/wp-json\/wp\/v2\/pages\/4409\/revisions"}],"predecessor-version":[{"id":4962,"href":"https:\/\/www.malagaremovals.com\/es\/wp-json\/wp\/v2\/pages\/4409\/revisions\/4962"}],"wp:attachment":[{"href":"https:\/\/www.malagaremovals.com\/es\/wp-json\/wp\/v2\/media?parent=4409"}],"curies":[{"name":"wp","href":"https:\/\/api.w.org\/{rel}","templated":true}]}}