{"id":4405,"date":"2022-03-14T10:36:52","date_gmt":"2022-03-14T10:36:52","guid":{"rendered":"https:\/\/algarveremovals.com\/staging\/servicios-completos-de-embalaje\/"},"modified":"2022-04-25T19:40:13","modified_gmt":"2022-04-25T19:40:13","slug":"servicios-completos-de-embalaje","status":"publish","type":"page","link":"https:\/\/www.malagaremovals.com\/es\/servicios-completos-de-embalaje\/","title":{"rendered":"Servicios completos de embalaje"},"content":{"rendered":"\r\n<div class=\"block-row-full\">\t\t\t\r\n\t<div id=\"tailored\" class=\"tailored-section ar-intro uk-section uk-padding-remove sd9-block\">\r\n\r\n\t\t<div class=\"uk-container-expand\">\r\n\t\t\t<div class=\"uk-grid uk-child-width-expand@m uk-grid-match uk-grid-collapse\" uk-grid>\r\n\t\t\t\t<div class=\"col-left\">\r\n\t\t\t\t\t\t\t\t\t\r\n\t\t\t\t\t<div class=\"uk-cover-container\">\r\n\t\t\t\t\t\t<canvas width=\"1920\" height=\"1280\"><\/canvas>\r\n\t\t\t\t\t\t<img decoding=\"async\" src=\"https:\/\/www.malagaremovals.com\/wp-content\/uploads\/2022\/02\/packing-services-1024x683.jpg\" \r\n\t\t\t\t\t\t\t srcset=\"https:\/\/www.malagaremovals.com\/wp-content\/uploads\/2022\/02\/packing-services-1024x683.jpg 1024w, https:\/\/www.malagaremovals.com\/wp-content\/uploads\/2022\/02\/packing-services-300x200.jpg 300w, https:\/\/www.malagaremovals.com\/wp-content\/uploads\/2022\/02\/packing-services-768x512.jpg 768w, https:\/\/www.malagaremovals.com\/wp-content\/uploads\/2022\/02\/packing-services-1536x1024.jpg 1536w, https:\/\/www.malagaremovals.com\/wp-content\/uploads\/2022\/02\/packing-services-1600x1067.jpg 1600w, https:\/\/www.malagaremovals.com\/wp-content\/uploads\/2022\/02\/packing-services.jpg 1920w\" \r\n\t\t\t\t\t\t\t sizes=\"(min-width: 1200px) 1200px, 100vw\" alt=\"servicios de embalaje\" width=\"\" uk-cover>\r\n\t\t\t\t\t<\/div>\t\t\t\t\t\t\r\n\t\t\t\t\t\t\t\t\t<\/div>\t\t\t\t\r\n\t\t\t\t<div class=\"uk-background-default uk-position-relative\">\r\n\t\t\t\t\t<div class=\"inner-right uk-text-center uk-text-left@m uk-flex uk-flex-middle\">\r\n\t\t\t\t\t\t<div class=\"uk-padding-large\">\r\n\t\t\t\t\t\t\t<div class=\"content animateInitState\" uk-scrollspy=\"cls: uk-animation-slide-bottom-medium; repeat: true; delay: 300\">\r\n\t\t\t\t\t\t\t\t<h3 class=\"section-title red\">Nuestro Servicio Completo de Empaque incluye nuestro personal profesional y experimentado para empacar toda su casa.<\/h3>\t\r\n\t\t\t\t\t\t\t\t<div class=\"desc fs14\"><p>Esto incluye todos sus muebles, incluidos sus art\u00edculos personales y fr\u00e1giles; desde tu mejor vajilla, tu ropa y hasta los juguetes de tus hijos. Tambi\u00e9n desmontaremos sus camas y muebles seg\u00fan sea necesario.<\/p>\n<p>En Malaga Removals, utilizamos materiales de embalaje de la mejor calidad y todos los art\u00edculos se detallan claramente en un extenso inventario. Esto hace que desempacar sea lo m\u00e1s sencillo y libre de estr\u00e9s posible.<\/p>\n<p>Una vez que su mercanc\u00eda haya llegado a la nueva direcci\u00f3n, nuestro personal desenvolver\u00e1 y colocar\u00e1 sus muebles grandes en las habitaciones deseadas, como usted desee. Todas las cajas y otros art\u00edculos se colocar\u00e1n donde usted lo requiera.<\/p>\n<\/div>\t\t\t\t\t\t\t\t\t\t\t\t\t\t\t\t\r\n\t\t\t\t\t\t\t<\/div>\r\n\t\t\t\t\t\t<\/div>\t\t\t\t\t\t\t\t\r\n\t\t\t\t\t<\/div>\t\t\t\t\t\r\n\t\t\t\t<\/div>\r\n\r\n\t\t\t<\/div>\r\n\t\t<\/div>\t\r\n\t<\/div><!-- .container -->\t\r\n\r\n<\/div><!-- .block-row-full -->\r\n<div class=\"block-row-full\">\t\t\t\r\n\t<div id=\"quote-ctas\" class=\"uk-section quote-ctas-container uk-section-xlarge uk-background-cover uk-background-center-center uk-position-relative uk-flex uk-flex-middle sd9-block \"\r\n\t\t\t\tdata-src=\"https:\/\/www.malagaremovals.com\/wp-content\/uploads\/2022\/04\/3-vans-1600x1200.jpg\"\r\n\t\tdata-srcset=\"https:\/\/www.malagaremovals.com\/wp-content\/uploads\/2022\/04\/3-vans-768x576.jpg 640w,\r\n\t\t\t\t  https:\/\/www.malagaremovals.com\/wp-content\/uploads\/2022\/04\/3-vans-1600x1200.jpg 1600w,\r\n\t\t\t\t  https:\/\/www.malagaremovals.com\/wp-content\/uploads\/2022\/04\/3-vans.jpg 1920w\"\t\t\t\t  \r\n\t\tdata-sizes=\"(min-width: 1200px) 1920px, (min-width: 960px) 1600px, 100vw\" \r\n\t\t uk-img uk-parallax=\"bgy: -200\">\r\n\t\t\r\n\t\t<div class=\"uk-position-cover\" style=\"background-color:rgba(255,255,255,0.73)\"><\/div>\t\t\r\n\t\t<div class=\"uk-width-1-1\">\r\n\t\t\t<div class=\"uk-container\">\r\n\t\t\t\r\n\t\t\t\t<div class=\"uk-position-relative\" uk-scrollspy=\"target: .animateup; cls: uk-animation-slide-bottom-medium;  delay: 100;\">\r\n\t\t\t\t\t\t\t\t\t\t\t<h3 class=\"section-title red uk-text-center animateInitState animateup\">\r\n\t\t\t\t\t\t\tAhorre tiempo y obtenga una cotizaci\u00f3n gratis ahora\t\t\t\t\t\t\t<span class=\"subtitle uk-display-block\">Deje las cargas de la mudanza de una casa a nuestros profesionales de la mudanza<\/span>\t\t\t\t\t\t<\/h3>\r\n\t\t\t\t\t\t\t\t\t<\/div>\r\n\t\t\t\t\r\n\t\t\t\t\t\t\t\t\t<div class=\"uk-flex uk-flex-center\">\r\n\t\t\t\t\t\t<div class=\"inner-wrapper uk-width-3-5@l uk-width-4-5@m\">\r\n\t\t\t\t\t\t\t<div class=\"quote-ctas uk-grid uk-child-width-1-2@s uk-margin-medium-top uk-flex uk-flex-center\" uk-grid uk-scrollspy=\"target: .animateup; cls: uk-animation-scale-up; delay: 100; repeat: true\">\r\n\t\t\t\t\t\t\t\t\t\t\t\t\t\t\t<div>\r\n\t\t\t\t\t\t\t\t\t<div class=\"btn uk-text-center uk-position-relative animateInitState animateup\">\r\n\t\t\t\t\t\t\t\t\t\t<div class=\"uk-grid uk-grid-divider uk-grid-small uk-flex uk-flex-middle\">\r\n\t\t\t\t\t\t\t\t\t\t\t<div class=\"icon uk-width-auto uk-flex uk-flex-middle\"><span class=\"\" uk-icon=\"icon: file-text; ratio: 1.25\"><\/span><\/div>\r\n\t\t\t\t\t\t\t\t\t\t\t<div class=\"title uk-width-expand\">Presupuesto r\u00e1pido<\/div>\t\t\t\t\t\t\r\n\t\t\t\t\t\t\t\t\t\t<\/div>\r\n\t\t\t\t\t\t\t\t\t\t<a class=\"uk-position-cover\" href=\"https:\/\/www.malagaremovals.com\/es\/mudanza-a-portugal-presupuesto-rapido\/\"  target=\"_self\"><\/a>\r\n\t\t\t\t\t\t\t\t\t<\/div>\r\n\t\t\t\t\t\t\t\t<\/div>\r\n\t\t\t\t\t\t\t\t\t\t\t\t\t\t\t<div>\r\n\t\t\t\t\t\t\t\t\t<div class=\"btn uk-text-center uk-position-relative animateInitState animateup\">\r\n\t\t\t\t\t\t\t\t\t\t<div class=\"uk-grid uk-grid-divider uk-grid-small uk-flex uk-flex-middle\">\r\n\t\t\t\t\t\t\t\t\t\t\t<div class=\"icon uk-width-auto uk-flex uk-flex-middle\"><span class=\"\" uk-icon=\"icon: file-text; ratio: 1.25\"><\/span><\/div>\r\n\t\t\t\t\t\t\t\t\t\t\t<div class=\"title uk-width-expand\">Cotizaci\u00f3n completa<\/div>\t\t\t\t\t\t\r\n\t\t\t\t\t\t\t\t\t\t<\/div>\r\n\t\t\t\t\t\t\t\t\t\t<a class=\"uk-position-cover\" href=\"https:\/\/www.malagaremovals.com\/es\/mudanza-a-portugal-presupuesto-rapido\/\"  target=\"_self\"><\/a>\r\n\t\t\t\t\t\t\t\t\t<\/div>\r\n\t\t\t\t\t\t\t\t<\/div>\r\n\t\t\t\t\t\t\t\t\t\t\t\t\t\t\t<div>\r\n\t\t\t\t\t\t\t\t\t<div class=\"btn uk-text-center uk-position-relative animateInitState animateup\">\r\n\t\t\t\t\t\t\t\t\t\t<div class=\"uk-grid uk-grid-divider uk-grid-small uk-flex uk-flex-middle\">\r\n\t\t\t\t\t\t\t\t\t\t\t<div class=\"icon uk-width-auto uk-flex uk-flex-middle\"><span class=\"\" uk-icon=\"icon: cart; ratio: 1.25\"><\/span><\/div>\r\n\t\t\t\t\t\t\t\t\t\t\t<div class=\"title uk-width-expand\">Compra de muebles<\/div>\t\t\t\t\t\t\r\n\t\t\t\t\t\t\t\t\t\t<\/div>\r\n\t\t\t\t\t\t\t\t\t\t<a class=\"uk-position-cover\" href=\"https:\/\/www.malagaremovals.com\/es\/compras-de-muebles-en-linea\/\"  target=\"_self\"><\/a>\r\n\t\t\t\t\t\t\t\t\t<\/div>\r\n\t\t\t\t\t\t\t\t<\/div>\r\n\t\t\t\t\t\t\t\t\t\t\t\t\t\t\t<div>\r\n\t\t\t\t\t\t\t\t\t<div class=\"btn uk-text-center uk-position-relative animateInitState animateup\">\r\n\t\t\t\t\t\t\t\t\t\t<div class=\"uk-grid uk-grid-divider uk-grid-small uk-flex uk-flex-middle\">\r\n\t\t\t\t\t\t\t\t\t\t\t<div class=\"icon uk-width-auto uk-flex uk-flex-middle\"><span class=\"\" uk-icon=\"icon: file-text; ratio: 1.25\"><\/span><\/div>\r\n\t\t\t\t\t\t\t\t\t\t\t<div class=\"title uk-width-expand\">Confirmar cotizaci\u00f3n<\/div>\t\t\t\t\t\t\r\n\t\t\t\t\t\t\t\t\t\t<\/div>\r\n\t\t\t\t\t\t\t\t\t\t<a class=\"uk-position-cover\" href=\"https:\/\/www.malagaremovals.com\/es\/confirmacion-de-reserva\/\"  target=\"_self\"><\/a>\r\n\t\t\t\t\t\t\t\t\t<\/div>\r\n\t\t\t\t\t\t\t\t<\/div>\r\n\t\t\t\t\t\t\t\t\t\t\t\t\t\t<\/div>\r\n\t\t\t\t\t\t<\/div>\r\n\t\t\t\t\t<\/div>\r\n\t\t\t\t\r\n\t\t\t<\/div>\r\n\t\t<\/div>\r\n\t<\/div><!-- .container -->\r\n<\/div><!-- .container -->\r\n\r\n\r\n\r\n\r\n\n<div class=\"block-row-full\">\t\t\n\t<div id=\"features\" class=\"features-section uk-section uk-section-large sd9-block\" style=\"background-color:#fafafa\">\t\t\n\t\t<div class=\"uk-width-1-1\">\n\t\t\t<div class=\"uk-container\">\n\t\t\t\n\t\t\t\t<div class=\"uk-position-relative\" uk-scrollspy=\"target: .animateup; cls: uk-animation-slide-bottom-medium;  delay: 100;\">\n\t\t\t\t\t\t\t\t\t\t\t<h3 class=\"section-title red uk-text-center animateInitState animateup\">\n\t\t\t\t\t\t\tNuestros servicios\t\t\t\t\t\t\t<span class=\"subtitle uk-display-block\">Soluciones a medida para una reubicaci\u00f3n sin estr\u00e9s<\/span>\t\t\t\t\t\t<\/h3>\n\t\t\t\t\t\t\t\t\t<\/div>\n\t\t\t\t\n\n\t\t\t\t\t\t\t\t\t<div class=\"features-list uk-grid uk-child-width-1-2@s uk-child-width-1-4@m uk-flex uk-flex-center uk-text-center\" uk-grid uk-scrollspy=\"target: .animate; cls: uk-animation-slide-bottom-medium; delay: 100; repeat: true\" uk-margin=\"margin: uk-margin-xlarge-top\">\n\t\t\t\t\t\n\t\t\t\t\t\t\t\t\t\t\t\t\n\t\t\t\t\t\t\t<div class=\"animateInitState animate\">\n\t\t\t\t\t\t\t\t<div class=\"inner\">\n\t\t\t\t\t\t\t\t\t<div class=\"uk-cover-container\">\n\t\t\t\t\t\t\t\t\t\t<canvas width=\"678\" height=\"1068\"><\/canvas>\n\t\t\t\t\t\t\t\t\t\t<img decoding=\"async\" src=\"https:\/\/www.malagaremovals.com\/wp-content\/uploads\/2022\/03\/storageV1-300x243.jpg\"\n\t\t\t\t\t\t\t\t\t\t srcset=\"https:\/\/www.malagaremovals.com\/wp-content\/uploads\/2022\/03\/storageV1-300x243.jpg 300w, https:\/\/www.malagaremovals.com\/wp-content\/uploads\/2022\/03\/storageV1.jpg 698w\"\n\t\t\t\t\t\t\t\t\t\t sizes=\"(max-width: 50em) 87vw, 680px\" alt=\"\" uk-cover>\n\t\t\t\t\t\t\t\t\t\t <div class=\"uk-overlay uk-light uk-position-bottom\">\n\t\t\t\t\t\t\t\t\t\t\t<h4 class=\"section-title uk-padding-small uk-padding-remove-vertical\">Servicios de almacenamiento<\/h4>\n\t\t\t\t\t\t\t\t\t\t<\/div>\n\t\t\t\t\t\t\t\t\t\t<a class=\"uk-position-cover\" href=\"https:\/\/www.malagaremovals.com\/es\/storage-services\/\"><\/a>\t\t\t\t\t\t\n\t\t\t\t\t\t\t\t\t<\/div>\n\t\t\t\t\t\t\t\t\t<div class=\"content\">\n\t\t\t\t\t\t\t\t\t\t<div class=\"desc fs14\">Tenemos instalaciones de almacenamiento en el Reino Unido y M\u00e1laga, Espa\u00f1a. \nNuestras instalaciones son almacenes de almacenamiento especialmente dise\u00f1ados, que son seguros y cuentan con alarmas en todo momento.<\/div>\n\t\t\t\t\t\t\t\t\t<\/div>\n\t\t\t\t\t\t\t\t\t<div class=\"quote\"><a class=\"uk-button redhover uk-button-default\" href=\"https:\/\/www.malagaremovals.com\/es\/storage-services\/\">Discover more<\/a><\/div>\n\t\t\t\t\t\t\t\t<\/div>\n\t\t\t\t\t\t\t<\/div>\n\t\t\t\t\t\t\t\t\t\t\t\t\n\t\t\t\t\t\t\t<div class=\"animateInitState animate\">\n\t\t\t\t\t\t\t\t<div class=\"inner\">\n\t\t\t\t\t\t\t\t\t<div class=\"uk-cover-container\">\n\t\t\t\t\t\t\t\t\t\t<canvas width=\"678\" height=\"1068\"><\/canvas>\n\t\t\t\t\t\t\t\t\t\t<img decoding=\"async\" src=\"https:\/\/www.malagaremovals.com\/wp-content\/uploads\/2022\/02\/packing01-300x273.jpg\"\n\t\t\t\t\t\t\t\t\t\t srcset=\"https:\/\/www.malagaremovals.com\/wp-content\/uploads\/2022\/02\/packing01-300x273.jpg 300w, https:\/\/www.malagaremovals.com\/wp-content\/uploads\/2022\/02\/packing01-1024x933.jpg 1024w, https:\/\/www.malagaremovals.com\/wp-content\/uploads\/2022\/02\/packing01-768x699.jpg 768w, https:\/\/www.malagaremovals.com\/wp-content\/uploads\/2022\/02\/packing01-1536x1399.jpg 1536w, https:\/\/www.malagaremovals.com\/wp-content\/uploads\/2022\/02\/packing01-1600x1457.jpg 1600w, https:\/\/www.malagaremovals.com\/wp-content\/uploads\/2022\/02\/packing01.jpg 1860w\"\n\t\t\t\t\t\t\t\t\t\t sizes=\"(max-width: 50em) 87vw, 680px\" alt=\"embalaje\" uk-cover>\n\t\t\t\t\t\t\t\t\t\t <div class=\"uk-overlay uk-light uk-position-bottom\">\n\t\t\t\t\t\t\t\t\t\t\t<h4 class=\"section-title uk-padding-small uk-padding-remove-vertical\">Servicios de embalaje de piezas<\/h4>\n\t\t\t\t\t\t\t\t\t\t<\/div>\n\t\t\t\t\t\t\t\t\t\t<a class=\"uk-position-cover\" href=\"https:\/\/www.malagaremovals.com\/es\/servicios-de-embalaje-de-piezas\/\"><\/a>\t\t\t\t\t\t\n\t\t\t\t\t\t\t\t\t<\/div>\n\t\t\t\t\t\t\t\t\t<div class=\"content\">\n\t\t\t\t\t\t\t\t\t\t<div class=\"desc fs14\">Nuestro servicio de embalaje de piezas es ideal para cuidar todos tus muebles y electrodom\u00e9sticos de gran tama\u00f1o. Dej\u00e1ndote libre para empacar objetos de valor y art\u00edculos personales.<\/div>\n\t\t\t\t\t\t\t\t\t<\/div>\n\t\t\t\t\t\t\t\t\t<div class=\"quote\"><a class=\"uk-button redhover uk-button-default\" href=\"https:\/\/www.malagaremovals.com\/es\/servicios-de-embalaje-de-piezas\/\">Discover more<\/a><\/div>\n\t\t\t\t\t\t\t\t<\/div>\n\t\t\t\t\t\t\t<\/div>\n\t\t\t\t\t\t\t\t\t\t\t\t\n\t\t\t\t\t\t\t<div class=\"animateInitState animate\">\n\t\t\t\t\t\t\t\t<div class=\"inner\">\n\t\t\t\t\t\t\t\t\t<div class=\"uk-cover-container\">\n\t\t\t\t\t\t\t\t\t\t<canvas width=\"678\" height=\"1068\"><\/canvas>\n\t\t\t\t\t\t\t\t\t\t<img decoding=\"async\" src=\"https:\/\/www.malagaremovals.com\/wp-content\/uploads\/2022\/02\/packing-services-300x200.jpg\"\n\t\t\t\t\t\t\t\t\t\t srcset=\"https:\/\/www.malagaremovals.com\/wp-content\/uploads\/2022\/02\/packing-services-300x200.jpg 300w, https:\/\/www.malagaremovals.com\/wp-content\/uploads\/2022\/02\/packing-services-1024x683.jpg 1024w, https:\/\/www.malagaremovals.com\/wp-content\/uploads\/2022\/02\/packing-services-768x512.jpg 768w, https:\/\/www.malagaremovals.com\/wp-content\/uploads\/2022\/02\/packing-services-1536x1024.jpg 1536w, https:\/\/www.malagaremovals.com\/wp-content\/uploads\/2022\/02\/packing-services-1600x1067.jpg 1600w, https:\/\/www.malagaremovals.com\/wp-content\/uploads\/2022\/02\/packing-services.jpg 1920w\"\n\t\t\t\t\t\t\t\t\t\t sizes=\"(max-width: 50em) 87vw, 680px\" alt=\"servicios de embalaje\" uk-cover>\n\t\t\t\t\t\t\t\t\t\t <div class=\"uk-overlay uk-light uk-position-bottom\">\n\t\t\t\t\t\t\t\t\t\t\t<h4 class=\"section-title uk-padding-small uk-padding-remove-vertical\">Servicios completos de embalaje<\/h4>\n\t\t\t\t\t\t\t\t\t\t<\/div>\n\t\t\t\t\t\t\t\t\t\t<a class=\"uk-position-cover\" href=\"https:\/\/www.malagaremovals.com\/es\/servicios-completos-de-embalaje\/\"><\/a>\t\t\t\t\t\t\n\t\t\t\t\t\t\t\t\t<\/div>\n\t\t\t\t\t\t\t\t\t<div class=\"content\">\n\t\t\t\t\t\t\t\t\t\t<div class=\"desc fs14\">Nuestro servicio completo de empaque incluye a nuestro personal profesional empacando su hogar completo. Esto incluye todo, desde sus muebles hasta los juguetes de sus hijos.<\/div>\n\t\t\t\t\t\t\t\t\t<\/div>\n\t\t\t\t\t\t\t\t\t<div class=\"quote\"><a class=\"uk-button redhover uk-button-default\" href=\"https:\/\/www.malagaremovals.com\/es\/servicios-completos-de-embalaje\/\">Discover more<\/a><\/div>\n\t\t\t\t\t\t\t\t<\/div>\n\t\t\t\t\t\t\t<\/div>\n\t\t\t\t\t\t\t\t\t\t\t\t\n\t\t\t\t\t\t\t<div class=\"animateInitState animate\">\n\t\t\t\t\t\t\t\t<div class=\"inner\">\n\t\t\t\t\t\t\t\t\t<div class=\"uk-cover-container\">\n\t\t\t\t\t\t\t\t\t\t<canvas width=\"678\" height=\"1068\"><\/canvas>\n\t\t\t\t\t\t\t\t\t\t<img decoding=\"async\" src=\"https:\/\/www.malagaremovals.com\/wp-content\/uploads\/2022\/02\/showroom-300x200.jpg\"\n\t\t\t\t\t\t\t\t\t\t srcset=\"https:\/\/www.malagaremovals.com\/wp-content\/uploads\/2022\/02\/showroom-300x200.jpg 300w, https:\/\/www.malagaremovals.com\/wp-content\/uploads\/2022\/02\/showroom-1024x682.jpg 1024w, https:\/\/www.malagaremovals.com\/wp-content\/uploads\/2022\/02\/showroom-768x512.jpg 768w, https:\/\/www.malagaremovals.com\/wp-content\/uploads\/2022\/02\/showroom-1536x1023.jpg 1536w, https:\/\/www.malagaremovals.com\/wp-content\/uploads\/2022\/02\/showroom-1600x1066.jpg 1600w, https:\/\/www.malagaremovals.com\/wp-content\/uploads\/2022\/02\/showroom.jpg 1920w\"\n\t\t\t\t\t\t\t\t\t\t sizes=\"(max-width: 50em) 87vw, 680px\" alt=\"\" uk-cover>\n\t\t\t\t\t\t\t\t\t\t <div class=\"uk-overlay uk-light uk-position-bottom\">\n\t\t\t\t\t\t\t\t\t\t\t<h4 class=\"section-title uk-padding-small uk-padding-remove-vertical\">Compras de muebles en l\u00ednea<\/h4>\n\t\t\t\t\t\t\t\t\t\t<\/div>\n\t\t\t\t\t\t\t\t\t\t<a class=\"uk-position-cover\" href=\"https:\/\/www.malagaremovals.com\/es\/compras-de-muebles-en-linea\/\"><\/a>\t\t\t\t\t\t\n\t\t\t\t\t\t\t\t\t<\/div>\n\t\t\t\t\t\t\t\t\t<div class=\"content\">\n\t\t\t\t\t\t\t\t\t\t<div class=\"desc fs14\">Las mudanzas de M\u00e1laga ofrecen un incre\u00edble servicio de compras en l\u00ednea de 7 d\u00edas. Ahora puedes comprar online y te lo llevamos directamente a tu puerta en M\u00e1laga.<\/div>\n\t\t\t\t\t\t\t\t\t<\/div>\n\t\t\t\t\t\t\t\t\t<div class=\"quote\"><a class=\"uk-button redhover uk-button-default\" href=\"https:\/\/www.malagaremovals.com\/es\/compras-de-muebles-en-linea\/\">Discover more<\/a><\/div>\n\t\t\t\t\t\t\t\t<\/div>\n\t\t\t\t\t\t\t<\/div>\n\t\t\t\t\t\t\t\t\t\t\t<\/div>\n\t\t\t\t\n\t\t\t\t\n\t\t\t<\/div>\n\t\t<\/div>\n\t<\/div><!-- .container -->\n<\/div><!-- .fullpage -->\n\n\n\n\n","protected":false},"excerpt":{"rendered":"<p>Nuestro servicio completo de empaque incluye a nuestro personal profesional empacando su hogar completo. Esto incluye todo, desde sus muebles hasta los juguetes de sus hijos.<\/p>\n","protected":false},"author":1,"featured_media":3495,"parent":0,"menu_order":0,"comment_status":"closed","ping_status":"closed","template":"","meta":{"_acf_changed":false,"footnotes":""},"class_list":["post-4405","page","type-page","status-publish","has-post-thumbnail","hentry"],"acf":[],"yoast_head":"<!-- This site is optimized with the Yoast SEO plugin v26.6 - https:\/\/yoast.com\/wordpress\/plugins\/seo\/ -->\n<title>Servicios completos de embalaje<\/title>\n<meta name=\"description\" content=\"Servicios completos de embalaje. Compre en l\u00ednea, env\u00edelo a nuestro almac\u00e9n del Reino Unido y lo enviamos a nuestro almac\u00e9n de M\u00e1laga para que lo recoja. Weekly Service\" \/>\n<meta name=\"robots\" content=\"index, follow, max-snippet:-1, max-image-preview:large, max-video-preview:-1\" \/>\n<link rel=\"canonical\" href=\"https:\/\/www.malagaremovals.com\/es\/servicios-completos-de-embalaje\/\" \/>\n<meta property=\"og:locale\" content=\"es_ES\" \/>\n<meta property=\"og:type\" content=\"article\" \/>\n<meta property=\"og:title\" content=\"Servicios completos de embalaje\" \/>\n<meta property=\"og:description\" content=\"Servicios completos de embalaje. Compre en l\u00ednea, env\u00edelo a nuestro almac\u00e9n del Reino Unido y lo enviamos a nuestro almac\u00e9n de M\u00e1laga para que lo recoja. Weekly Service\" \/>\n<meta property=\"og:url\" content=\"https:\/\/www.malagaremovals.com\/es\/servicios-completos-de-embalaje\/\" \/>\n<meta property=\"og:site_name\" content=\"Malaga Removals\" \/>\n<meta property=\"article:publisher\" content=\"https:\/\/www.facebook.com\/algarve.removals\/\" \/>\n<meta property=\"article:modified_time\" content=\"2022-04-25T19:40:13+00:00\" \/>\n<meta property=\"og:image\" content=\"https:\/\/www.malagaremovals.com\/wp-content\/uploads\/2022\/02\/packing-services.jpg\" \/>\n\t<meta property=\"og:image:width\" content=\"1920\" \/>\n\t<meta property=\"og:image:height\" content=\"1280\" \/>\n\t<meta property=\"og:image:type\" content=\"image\/jpeg\" \/>\n<meta name=\"twitter:card\" content=\"summary_large_image\" \/>\n<script type=\"application\/ld+json\" class=\"yoast-schema-graph\">{\"@context\":\"https:\/\/schema.org\",\"@graph\":[{\"@type\":\"WebPage\",\"@id\":\"https:\/\/www.malagaremovals.com\/es\/servicios-completos-de-embalaje\/\",\"url\":\"https:\/\/www.malagaremovals.com\/es\/servicios-completos-de-embalaje\/\",\"name\":\"Servicios completos de embalaje\",\"isPartOf\":{\"@id\":\"https:\/\/www.malagaremovals.com\/es\/#website\"},\"primaryImageOfPage\":{\"@id\":\"https:\/\/www.malagaremovals.com\/es\/servicios-completos-de-embalaje\/#primaryimage\"},\"image\":{\"@id\":\"https:\/\/www.malagaremovals.com\/es\/servicios-completos-de-embalaje\/#primaryimage\"},\"thumbnailUrl\":\"https:\/\/www.malagaremovals.com\/wp-content\/uploads\/2022\/02\/packing-services.jpg\",\"datePublished\":\"2022-03-14T10:36:52+00:00\",\"dateModified\":\"2022-04-25T19:40:13+00:00\",\"description\":\"Servicios completos de embalaje. Compre en l\u00ednea, env\u00edelo a nuestro almac\u00e9n del Reino Unido y lo enviamos a nuestro almac\u00e9n de M\u00e1laga para que lo recoja. Weekly Service\",\"breadcrumb\":{\"@id\":\"https:\/\/www.malagaremovals.com\/es\/servicios-completos-de-embalaje\/#breadcrumb\"},\"inLanguage\":\"es\",\"potentialAction\":[{\"@type\":\"ReadAction\",\"target\":[\"https:\/\/www.malagaremovals.com\/es\/servicios-completos-de-embalaje\/\"]}]},{\"@type\":\"ImageObject\",\"inLanguage\":\"es\",\"@id\":\"https:\/\/www.malagaremovals.com\/es\/servicios-completos-de-embalaje\/#primaryimage\",\"url\":\"https:\/\/www.malagaremovals.com\/wp-content\/uploads\/2022\/02\/packing-services.jpg\",\"contentUrl\":\"https:\/\/www.malagaremovals.com\/wp-content\/uploads\/2022\/02\/packing-services.jpg\",\"width\":1920,\"height\":1280,\"caption\":\"servicios de embalaje\"},{\"@type\":\"BreadcrumbList\",\"@id\":\"https:\/\/www.malagaremovals.com\/es\/servicios-completos-de-embalaje\/#breadcrumb\",\"itemListElement\":[{\"@type\":\"ListItem\",\"position\":1,\"name\":\"Home\",\"item\":\"https:\/\/www.malagaremovals.com\/es\/\"},{\"@type\":\"ListItem\",\"position\":2,\"name\":\"Servicios completos de embalaje\"}]},{\"@type\":\"WebSite\",\"@id\":\"https:\/\/www.malagaremovals.com\/es\/#website\",\"url\":\"https:\/\/www.malagaremovals.com\/es\/\",\"name\":\"Malaga Removals\",\"description\":\"Removals Services to Malaga Spain\",\"potentialAction\":[{\"@type\":\"SearchAction\",\"target\":{\"@type\":\"EntryPoint\",\"urlTemplate\":\"https:\/\/www.malagaremovals.com\/es\/?s={search_term_string}\"},\"query-input\":{\"@type\":\"PropertyValueSpecification\",\"valueRequired\":true,\"valueName\":\"search_term_string\"}}],\"inLanguage\":\"es\"}]}<\/script>\n<!-- \/ Yoast SEO plugin. -->","yoast_head_json":{"title":"Servicios completos de embalaje","description":"Servicios completos de embalaje. Compre en l\u00ednea, env\u00edelo a nuestro almac\u00e9n del Reino Unido y lo enviamos a nuestro almac\u00e9n de M\u00e1laga para que lo recoja. Weekly Service","robots":{"index":"index","follow":"follow","max-snippet":"max-snippet:-1","max-image-preview":"max-image-preview:large","max-video-preview":"max-video-preview:-1"},"canonical":"https:\/\/www.malagaremovals.com\/es\/servicios-completos-de-embalaje\/","og_locale":"es_ES","og_type":"article","og_title":"Servicios completos de embalaje","og_description":"Servicios completos de embalaje. Compre en l\u00ednea, env\u00edelo a nuestro almac\u00e9n del Reino Unido y lo enviamos a nuestro almac\u00e9n de M\u00e1laga para que lo recoja. Weekly Service","og_url":"https:\/\/www.malagaremovals.com\/es\/servicios-completos-de-embalaje\/","og_site_name":"Malaga Removals","article_publisher":"https:\/\/www.facebook.com\/algarve.removals\/","article_modified_time":"2022-04-25T19:40:13+00:00","og_image":[{"width":1920,"height":1280,"url":"https:\/\/www.malagaremovals.com\/wp-content\/uploads\/2022\/02\/packing-services.jpg","type":"image\/jpeg"}],"twitter_card":"summary_large_image","schema":{"@context":"https:\/\/schema.org","@graph":[{"@type":"WebPage","@id":"https:\/\/www.malagaremovals.com\/es\/servicios-completos-de-embalaje\/","url":"https:\/\/www.malagaremovals.com\/es\/servicios-completos-de-embalaje\/","name":"Servicios completos de embalaje","isPartOf":{"@id":"https:\/\/www.malagaremovals.com\/es\/#website"},"primaryImageOfPage":{"@id":"https:\/\/www.malagaremovals.com\/es\/servicios-completos-de-embalaje\/#primaryimage"},"image":{"@id":"https:\/\/www.malagaremovals.com\/es\/servicios-completos-de-embalaje\/#primaryimage"},"thumbnailUrl":"https:\/\/www.malagaremovals.com\/wp-content\/uploads\/2022\/02\/packing-services.jpg","datePublished":"2022-03-14T10:36:52+00:00","dateModified":"2022-04-25T19:40:13+00:00","description":"Servicios completos de embalaje. Compre en l\u00ednea, env\u00edelo a nuestro almac\u00e9n del Reino Unido y lo enviamos a nuestro almac\u00e9n de M\u00e1laga para que lo recoja. Weekly Service","breadcrumb":{"@id":"https:\/\/www.malagaremovals.com\/es\/servicios-completos-de-embalaje\/#breadcrumb"},"inLanguage":"es","potentialAction":[{"@type":"ReadAction","target":["https:\/\/www.malagaremovals.com\/es\/servicios-completos-de-embalaje\/"]}]},{"@type":"ImageObject","inLanguage":"es","@id":"https:\/\/www.malagaremovals.com\/es\/servicios-completos-de-embalaje\/#primaryimage","url":"https:\/\/www.malagaremovals.com\/wp-content\/uploads\/2022\/02\/packing-services.jpg","contentUrl":"https:\/\/www.malagaremovals.com\/wp-content\/uploads\/2022\/02\/packing-services.jpg","width":1920,"height":1280,"caption":"servicios de embalaje"},{"@type":"BreadcrumbList","@id":"https:\/\/www.malagaremovals.com\/es\/servicios-completos-de-embalaje\/#breadcrumb","itemListElement":[{"@type":"ListItem","position":1,"name":"Home","item":"https:\/\/www.malagaremovals.com\/es\/"},{"@type":"ListItem","position":2,"name":"Servicios completos de embalaje"}]},{"@type":"WebSite","@id":"https:\/\/www.malagaremovals.com\/es\/#website","url":"https:\/\/www.malagaremovals.com\/es\/","name":"Malaga Removals","description":"Removals Services to Malaga Spain","potentialAction":[{"@type":"SearchAction","target":{"@type":"EntryPoint","urlTemplate":"https:\/\/www.malagaremovals.com\/es\/?s={search_term_string}"},"query-input":{"@type":"PropertyValueSpecification","valueRequired":true,"valueName":"search_term_string"}}],"inLanguage":"es"}]}},"_links":{"self":[{"href":"https:\/\/www.malagaremovals.com\/es\/wp-json\/wp\/v2\/pages\/4405","targetHints":{"allow":["GET"]}}],"collection":[{"href":"https:\/\/www.malagaremovals.com\/es\/wp-json\/wp\/v2\/pages"}],"about":[{"href":"https:\/\/www.malagaremovals.com\/es\/wp-json\/wp\/v2\/types\/page"}],"author":[{"embeddable":true,"href":"https:\/\/www.malagaremovals.com\/es\/wp-json\/wp\/v2\/users\/1"}],"replies":[{"embeddable":true,"href":"https:\/\/www.malagaremovals.com\/es\/wp-json\/wp\/v2\/comments?post=4405"}],"version-history":[{"count":2,"href":"https:\/\/www.malagaremovals.com\/es\/wp-json\/wp\/v2\/pages\/4405\/revisions"}],"predecessor-version":[{"id":4934,"href":"https:\/\/www.malagaremovals.com\/es\/wp-json\/wp\/v2\/pages\/4405\/revisions\/4934"}],"wp:featuredmedia":[{"embeddable":true,"href":"https:\/\/www.malagaremovals.com\/es\/wp-json\/wp\/v2\/media\/3495"}],"wp:attachment":[{"href":"https:\/\/www.malagaremovals.com\/es\/wp-json\/wp\/v2\/media?parent=4405"}],"curies":[{"name":"wp","href":"https:\/\/api.w.org\/{rel}","templated":true}]}}