{"id":4403,"date":"2022-03-14T10:34:13","date_gmt":"2022-03-14T10:34:13","guid":{"rendered":"https:\/\/algarveremovals.com\/staging\/servicios-de-embalaje-de-piezas\/"},"modified":"2022-04-25T21:02:31","modified_gmt":"2022-04-25T21:02:31","slug":"servicios-de-embalaje-de-piezas","status":"publish","type":"page","link":"https:\/\/www.malagaremovals.com\/es\/servicios-de-embalaje-de-piezas\/","title":{"rendered":"Servicios de embalaje de piezas"},"content":{"rendered":"\r\n<div class=\"block-row-full\">\t\t\t\r\n\t<div id=\"tailored\" class=\"tailored-section ar-intro uk-section uk-padding-remove sd9-block\">\r\n\r\n\t\t<div class=\"uk-container-expand\">\r\n\t\t\t<div class=\"uk-grid uk-child-width-expand@m uk-grid-match uk-grid-collapse\" uk-grid>\r\n\t\t\t\t<div class=\"col-left\">\r\n\t\t\t\t\t\t\t\t\t\r\n\t\t\t\t\t<div class=\"uk-cover-container\">\r\n\t\t\t\t\t\t<canvas width=\"1860\" height=\"1694\"><\/canvas>\r\n\t\t\t\t\t\t<img decoding=\"async\" src=\"https:\/\/www.malagaremovals.com\/wp-content\/uploads\/2022\/02\/packing01-1024x933.jpg\" \r\n\t\t\t\t\t\t\t srcset=\"https:\/\/www.malagaremovals.com\/wp-content\/uploads\/2022\/02\/packing01-1024x933.jpg 1024w, https:\/\/www.malagaremovals.com\/wp-content\/uploads\/2022\/02\/packing01-300x273.jpg 300w, https:\/\/www.malagaremovals.com\/wp-content\/uploads\/2022\/02\/packing01-768x699.jpg 768w, https:\/\/www.malagaremovals.com\/wp-content\/uploads\/2022\/02\/packing01-1536x1399.jpg 1536w, https:\/\/www.malagaremovals.com\/wp-content\/uploads\/2022\/02\/packing01-1600x1457.jpg 1600w, https:\/\/www.malagaremovals.com\/wp-content\/uploads\/2022\/02\/packing01.jpg 1860w\" \r\n\t\t\t\t\t\t\t sizes=\"(min-width: 1200px) 1200px, 100vw\" alt=\"embalaje\" width=\"\" uk-cover>\r\n\t\t\t\t\t<\/div>\t\t\t\t\t\t\r\n\t\t\t\t\t\t\t\t\t<\/div>\t\t\t\t\r\n\t\t\t\t<div class=\"uk-background-default uk-position-relative\">\r\n\t\t\t\t\t<div class=\"inner-right uk-text-center uk-text-left@m uk-flex uk-flex-middle\">\r\n\t\t\t\t\t\t<div class=\"uk-padding-large\">\r\n\t\t\t\t\t\t\t<div class=\"content animateInitState\" uk-scrollspy=\"cls: uk-animation-slide-bottom-medium; repeat: true; delay: 300\">\r\n\t\t\t\t\t\t\t\t<h3 class=\"section-title red\">Nuestro servicio de embalaje de piezas se encarga de todos sus muebles y electrodom\u00e9sticos grandes, dej\u00e1ndolo a usted para empacar sus objetos valiosos y personales.<\/h3>\t\r\n\t\t\t\t\t\t\t\t<div class=\"desc fs14\"><p>El servicio de empaque incluye muebles de mayor tama\u00f1o como: sof\u00e1s, camas, mesas y mucho m\u00e1s. En el <strong>Servicio de embalaje de<\/strong> piezas, le solicitamos a usted, el cliente, que empaque todos los art\u00edculos peque\u00f1os, fr\u00e1giles y personales, incluida la ropa y los accesorios.<\/p>\n<p>Si desea que empaquemos su hogar completo, incluidos sus art\u00edculos personales y fr\u00e1giles, consulte nuestro Servicio de <a href=\"https:\/\/www.malagaremovals.com\/full-packing-services\/\"><strong>empaque completo<\/strong><\/a> para obtener m\u00e1s detalles.<\/p>\n<\/div>\t\t\t\t\t\t\t\t\t\t\t\t\t\t\t\t\r\n\t\t\t\t\t\t\t<\/div>\r\n\t\t\t\t\t\t<\/div>\t\t\t\t\t\t\t\t\r\n\t\t\t\t\t<\/div>\t\t\t\t\t\r\n\t\t\t\t<\/div>\r\n\r\n\t\t\t<\/div>\r\n\t\t<\/div>\t\r\n\t<\/div><!-- .container -->\t\r\n\r\n<\/div><!-- .block-row-full -->\n\n\r\n<div class=\"block-row-full\">\t\t\t\r\n\t<div id=\"quote-ctas\" class=\"uk-section quote-ctas-container uk-section-xlarge uk-background-cover uk-background-center-center uk-position-relative uk-flex uk-flex-middle sd9-block \"\r\n\t\t\t\tdata-src=\"https:\/\/www.malagaremovals.com\/wp-content\/uploads\/2022\/04\/3-vans-1600x1200.jpg\"\r\n\t\tdata-srcset=\"https:\/\/www.malagaremovals.com\/wp-content\/uploads\/2022\/04\/3-vans-768x576.jpg 640w,\r\n\t\t\t\t  https:\/\/www.malagaremovals.com\/wp-content\/uploads\/2022\/04\/3-vans-1600x1200.jpg 1600w,\r\n\t\t\t\t  https:\/\/www.malagaremovals.com\/wp-content\/uploads\/2022\/04\/3-vans.jpg 1920w\"\t\t\t\t  \r\n\t\tdata-sizes=\"(min-width: 1200px) 1920px, (min-width: 960px) 1600px, 100vw\" \r\n\t\t uk-img uk-parallax=\"bgy: -200\">\r\n\t\t\r\n\t\t<div class=\"uk-position-cover\" style=\"background-color:rgba(255,255,255,0.73)\"><\/div>\t\t\r\n\t\t<div class=\"uk-width-1-1\">\r\n\t\t\t<div class=\"uk-container\">\r\n\t\t\t\r\n\t\t\t\t<div class=\"uk-position-relative\" uk-scrollspy=\"target: .animateup; cls: uk-animation-slide-bottom-medium;  delay: 100;\">\r\n\t\t\t\t\t\t\t\t\t\t\t<h3 class=\"section-title red uk-text-center animateInitState animateup\">\r\n\t\t\t\t\t\t\tAhorre tiempo y obtenga una cotizaci\u00f3n gratis ahora\t\t\t\t\t\t\t<span class=\"subtitle uk-display-block\">Deje las cargas de la mudanza de una casa a nuestros profesionales de la mudanza<\/span>\t\t\t\t\t\t<\/h3>\r\n\t\t\t\t\t\t\t\t\t<\/div>\r\n\t\t\t\t\r\n\t\t\t\t\t\t\t\t\t<div class=\"uk-flex uk-flex-center\">\r\n\t\t\t\t\t\t<div class=\"inner-wrapper uk-width-3-5@l uk-width-4-5@m\">\r\n\t\t\t\t\t\t\t<div class=\"quote-ctas uk-grid uk-child-width-1-2@s uk-margin-medium-top uk-flex uk-flex-center\" uk-grid uk-scrollspy=\"target: .animateup; cls: uk-animation-scale-up; delay: 100; repeat: true\">\r\n\t\t\t\t\t\t\t\t\t\t\t\t\t\t\t<div>\r\n\t\t\t\t\t\t\t\t\t<div class=\"btn uk-text-center uk-position-relative animateInitState animateup\">\r\n\t\t\t\t\t\t\t\t\t\t<div class=\"uk-grid uk-grid-divider uk-grid-small uk-flex uk-flex-middle\">\r\n\t\t\t\t\t\t\t\t\t\t\t<div class=\"icon uk-width-auto uk-flex uk-flex-middle\"><span class=\"\" uk-icon=\"icon: file-text; ratio: 1.25\"><\/span><\/div>\r\n\t\t\t\t\t\t\t\t\t\t\t<div class=\"title uk-width-expand\">Presupuesto r\u00e1pido<\/div>\t\t\t\t\t\t\r\n\t\t\t\t\t\t\t\t\t\t<\/div>\r\n\t\t\t\t\t\t\t\t\t\t<a class=\"uk-position-cover\" href=\"https:\/\/www.malagaremovals.com\/es\/mudanza-a-portugal-presupuesto-rapido\/\"  target=\"_self\"><\/a>\r\n\t\t\t\t\t\t\t\t\t<\/div>\r\n\t\t\t\t\t\t\t\t<\/div>\r\n\t\t\t\t\t\t\t\t\t\t\t\t\t\t\t<div>\r\n\t\t\t\t\t\t\t\t\t<div class=\"btn uk-text-center uk-position-relative animateInitState animateup\">\r\n\t\t\t\t\t\t\t\t\t\t<div class=\"uk-grid uk-grid-divider uk-grid-small uk-flex uk-flex-middle\">\r\n\t\t\t\t\t\t\t\t\t\t\t<div class=\"icon uk-width-auto uk-flex uk-flex-middle\"><span class=\"\" uk-icon=\"icon: file-text; ratio: 1.25\"><\/span><\/div>\r\n\t\t\t\t\t\t\t\t\t\t\t<div class=\"title uk-width-expand\">Cotizaci\u00f3n completa<\/div>\t\t\t\t\t\t\r\n\t\t\t\t\t\t\t\t\t\t<\/div>\r\n\t\t\t\t\t\t\t\t\t\t<a class=\"uk-position-cover\" href=\"https:\/\/www.malagaremovals.com\/es\/mudanza-a-portugal-presupuesto-rapido\/\"  target=\"_self\"><\/a>\r\n\t\t\t\t\t\t\t\t\t<\/div>\r\n\t\t\t\t\t\t\t\t<\/div>\r\n\t\t\t\t\t\t\t\t\t\t\t\t\t\t\t<div>\r\n\t\t\t\t\t\t\t\t\t<div class=\"btn uk-text-center uk-position-relative animateInitState animateup\">\r\n\t\t\t\t\t\t\t\t\t\t<div class=\"uk-grid uk-grid-divider uk-grid-small uk-flex uk-flex-middle\">\r\n\t\t\t\t\t\t\t\t\t\t\t<div class=\"icon uk-width-auto uk-flex uk-flex-middle\"><span class=\"\" uk-icon=\"icon: cart; ratio: 1.25\"><\/span><\/div>\r\n\t\t\t\t\t\t\t\t\t\t\t<div class=\"title uk-width-expand\">Compra de muebles<\/div>\t\t\t\t\t\t\r\n\t\t\t\t\t\t\t\t\t\t<\/div>\r\n\t\t\t\t\t\t\t\t\t\t<a class=\"uk-position-cover\" href=\"https:\/\/www.malagaremovals.com\/es\/compras-de-muebles-en-linea\/\"  target=\"_self\"><\/a>\r\n\t\t\t\t\t\t\t\t\t<\/div>\r\n\t\t\t\t\t\t\t\t<\/div>\r\n\t\t\t\t\t\t\t\t\t\t\t\t\t\t\t<div>\r\n\t\t\t\t\t\t\t\t\t<div class=\"btn uk-text-center uk-position-relative animateInitState animateup\">\r\n\t\t\t\t\t\t\t\t\t\t<div class=\"uk-grid uk-grid-divider uk-grid-small uk-flex uk-flex-middle\">\r\n\t\t\t\t\t\t\t\t\t\t\t<div class=\"icon uk-width-auto uk-flex uk-flex-middle\"><span class=\"\" uk-icon=\"icon: file-text; ratio: 1.25\"><\/span><\/div>\r\n\t\t\t\t\t\t\t\t\t\t\t<div class=\"title uk-width-expand\">Confirmar cotizaci\u00f3n<\/div>\t\t\t\t\t\t\r\n\t\t\t\t\t\t\t\t\t\t<\/div>\r\n\t\t\t\t\t\t\t\t\t\t<a class=\"uk-position-cover\" href=\"https:\/\/www.malagaremovals.com\/es\/confirmacion-de-reserva\/\"  target=\"_self\"><\/a>\r\n\t\t\t\t\t\t\t\t\t<\/div>\r\n\t\t\t\t\t\t\t\t<\/div>\r\n\t\t\t\t\t\t\t\t\t\t\t\t\t\t<\/div>\r\n\t\t\t\t\t\t<\/div>\r\n\t\t\t\t\t<\/div>\r\n\t\t\t\t\r\n\t\t\t<\/div>\r\n\t\t<\/div>\r\n\t<\/div><!-- .container -->\r\n<\/div><!-- .container -->\r\n\r\n\r\n\r\n\r\n\n\n\n<div class=\"block-row-full\">\t\t\n\t<div id=\"features\" class=\"features-section uk-section uk-section-large sd9-block\" style=\"background-color:#fafafa\">\t\t\n\t\t<div class=\"uk-width-1-1\">\n\t\t\t<div class=\"uk-container\">\n\t\t\t\n\t\t\t\t<div class=\"uk-position-relative\" uk-scrollspy=\"target: .animateup; cls: uk-animation-slide-bottom-medium;  delay: 100;\">\n\t\t\t\t\t\t\t\t\t\t\t<h3 class=\"section-title red uk-text-center animateInitState animateup\">\n\t\t\t\t\t\t\tNuestros servicios\t\t\t\t\t\t\t<span class=\"subtitle uk-display-block\">Soluciones a medida para una reubicaci\u00f3n sin estr\u00e9s<\/span>\t\t\t\t\t\t<\/h3>\n\t\t\t\t\t\t\t\t\t<\/div>\n\t\t\t\t\n\n\t\t\t\t\t\t\t\t\t<div class=\"features-list uk-grid uk-child-width-1-2@s uk-child-width-1-4@m uk-flex uk-flex-center uk-text-center\" uk-grid uk-scrollspy=\"target: .animate; cls: uk-animation-slide-bottom-medium; delay: 100; repeat: true\" uk-margin=\"margin: uk-margin-xlarge-top\">\n\t\t\t\t\t\n\t\t\t\t\t\t\t\t\t\t\t\t\n\t\t\t\t\t\t\t<div class=\"animateInitState animate\">\n\t\t\t\t\t\t\t\t<div class=\"inner\">\n\t\t\t\t\t\t\t\t\t<div class=\"uk-cover-container\">\n\t\t\t\t\t\t\t\t\t\t<canvas width=\"678\" height=\"1068\"><\/canvas>\n\t\t\t\t\t\t\t\t\t\t<img decoding=\"async\" src=\"https:\/\/www.malagaremovals.com\/wp-content\/uploads\/2022\/02\/packing-services-300x200.jpg\"\n\t\t\t\t\t\t\t\t\t\t srcset=\"https:\/\/www.malagaremovals.com\/wp-content\/uploads\/2022\/02\/packing-services-300x200.jpg 300w, https:\/\/www.malagaremovals.com\/wp-content\/uploads\/2022\/02\/packing-services-1024x683.jpg 1024w, https:\/\/www.malagaremovals.com\/wp-content\/uploads\/2022\/02\/packing-services-768x512.jpg 768w, https:\/\/www.malagaremovals.com\/wp-content\/uploads\/2022\/02\/packing-services-1536x1024.jpg 1536w, https:\/\/www.malagaremovals.com\/wp-content\/uploads\/2022\/02\/packing-services-1600x1067.jpg 1600w, https:\/\/www.malagaremovals.com\/wp-content\/uploads\/2022\/02\/packing-services.jpg 1920w\"\n\t\t\t\t\t\t\t\t\t\t sizes=\"(max-width: 50em) 87vw, 680px\" alt=\"servicios de embalaje\" uk-cover>\n\t\t\t\t\t\t\t\t\t\t <div class=\"uk-overlay uk-light uk-position-bottom\">\n\t\t\t\t\t\t\t\t\t\t\t<h4 class=\"section-title uk-padding-small uk-padding-remove-vertical\">Servicios completos de embalaje<\/h4>\n\t\t\t\t\t\t\t\t\t\t<\/div>\n\t\t\t\t\t\t\t\t\t\t<a class=\"uk-position-cover\" href=\"https:\/\/www.malagaremovals.com\/es\/servicios-completos-de-embalaje\/\"><\/a>\t\t\t\t\t\t\n\t\t\t\t\t\t\t\t\t<\/div>\n\t\t\t\t\t\t\t\t\t<div class=\"content\">\n\t\t\t\t\t\t\t\t\t\t<div class=\"desc fs14\">Nuestro servicio completo de empaque incluye a nuestro personal profesional empacando su hogar completo. Esto incluye todo, desde sus muebles hasta los juguetes de sus hijos.<\/div>\n\t\t\t\t\t\t\t\t\t<\/div>\n\t\t\t\t\t\t\t\t\t<div class=\"quote\"><a class=\"uk-button redhover uk-button-default\" href=\"https:\/\/www.malagaremovals.com\/es\/servicios-completos-de-embalaje\/\">Discover more<\/a><\/div>\n\t\t\t\t\t\t\t\t<\/div>\n\t\t\t\t\t\t\t<\/div>\n\t\t\t\t\t\t\t\t\t\t\t\t\n\t\t\t\t\t\t\t<div class=\"animateInitState animate\">\n\t\t\t\t\t\t\t\t<div class=\"inner\">\n\t\t\t\t\t\t\t\t\t<div class=\"uk-cover-container\">\n\t\t\t\t\t\t\t\t\t\t<canvas width=\"678\" height=\"1068\"><\/canvas>\n\t\t\t\t\t\t\t\t\t\t<img decoding=\"async\" src=\"https:\/\/www.malagaremovals.com\/wp-content\/uploads\/2022\/02\/packing01-300x273.jpg\"\n\t\t\t\t\t\t\t\t\t\t srcset=\"https:\/\/www.malagaremovals.com\/wp-content\/uploads\/2022\/02\/packing01-300x273.jpg 300w, https:\/\/www.malagaremovals.com\/wp-content\/uploads\/2022\/02\/packing01-1024x933.jpg 1024w, https:\/\/www.malagaremovals.com\/wp-content\/uploads\/2022\/02\/packing01-768x699.jpg 768w, https:\/\/www.malagaremovals.com\/wp-content\/uploads\/2022\/02\/packing01-1536x1399.jpg 1536w, https:\/\/www.malagaremovals.com\/wp-content\/uploads\/2022\/02\/packing01-1600x1457.jpg 1600w, https:\/\/www.malagaremovals.com\/wp-content\/uploads\/2022\/02\/packing01.jpg 1860w\"\n\t\t\t\t\t\t\t\t\t\t sizes=\"(max-width: 50em) 87vw, 680px\" alt=\"embalaje\" uk-cover>\n\t\t\t\t\t\t\t\t\t\t <div class=\"uk-overlay uk-light uk-position-bottom\">\n\t\t\t\t\t\t\t\t\t\t\t<h4 class=\"section-title uk-padding-small uk-padding-remove-vertical\">Servicios de embalaje de piezas<\/h4>\n\t\t\t\t\t\t\t\t\t\t<\/div>\n\t\t\t\t\t\t\t\t\t\t<a class=\"uk-position-cover\" href=\"https:\/\/www.malagaremovals.com\/es\/servicios-de-embalaje-de-piezas\/\"><\/a>\t\t\t\t\t\t\n\t\t\t\t\t\t\t\t\t<\/div>\n\t\t\t\t\t\t\t\t\t<div class=\"content\">\n\t\t\t\t\t\t\t\t\t\t<div class=\"desc fs14\">Nuestro servicio de embalaje de piezas es ideal para cuidar todos tus muebles y electrodom\u00e9sticos de gran tama\u00f1o. Dej\u00e1ndote libre para empacar objetos de valor y art\u00edculos personales.<\/div>\n\t\t\t\t\t\t\t\t\t<\/div>\n\t\t\t\t\t\t\t\t\t<div class=\"quote\"><a class=\"uk-button redhover uk-button-default\" href=\"https:\/\/www.malagaremovals.com\/es\/servicios-de-embalaje-de-piezas\/\">Discover more<\/a><\/div>\n\t\t\t\t\t\t\t\t<\/div>\n\t\t\t\t\t\t\t<\/div>\n\t\t\t\t\t\t\t\t\t\t\t\t\n\t\t\t\t\t\t\t<div class=\"animateInitState animate\">\n\t\t\t\t\t\t\t\t<div class=\"inner\">\n\t\t\t\t\t\t\t\t\t<div class=\"uk-cover-container\">\n\t\t\t\t\t\t\t\t\t\t<canvas width=\"678\" height=\"1068\"><\/canvas>\n\t\t\t\t\t\t\t\t\t\t<img decoding=\"async\" src=\"https:\/\/www.malagaremovals.com\/wp-content\/uploads\/2022\/02\/showroom-300x200.jpg\"\n\t\t\t\t\t\t\t\t\t\t srcset=\"https:\/\/www.malagaremovals.com\/wp-content\/uploads\/2022\/02\/showroom-300x200.jpg 300w, https:\/\/www.malagaremovals.com\/wp-content\/uploads\/2022\/02\/showroom-1024x682.jpg 1024w, https:\/\/www.malagaremovals.com\/wp-content\/uploads\/2022\/02\/showroom-768x512.jpg 768w, https:\/\/www.malagaremovals.com\/wp-content\/uploads\/2022\/02\/showroom-1536x1023.jpg 1536w, https:\/\/www.malagaremovals.com\/wp-content\/uploads\/2022\/02\/showroom-1600x1066.jpg 1600w, https:\/\/www.malagaremovals.com\/wp-content\/uploads\/2022\/02\/showroom.jpg 1920w\"\n\t\t\t\t\t\t\t\t\t\t sizes=\"(max-width: 50em) 87vw, 680px\" alt=\"\" uk-cover>\n\t\t\t\t\t\t\t\t\t\t <div class=\"uk-overlay uk-light uk-position-bottom\">\n\t\t\t\t\t\t\t\t\t\t\t<h4 class=\"section-title uk-padding-small uk-padding-remove-vertical\">Compras de muebles en l\u00ednea<\/h4>\n\t\t\t\t\t\t\t\t\t\t<\/div>\n\t\t\t\t\t\t\t\t\t\t<a class=\"uk-position-cover\" href=\"https:\/\/www.malagaremovals.com\/es\/compras-de-muebles-en-linea\/\"><\/a>\t\t\t\t\t\t\n\t\t\t\t\t\t\t\t\t<\/div>\n\t\t\t\t\t\t\t\t\t<div class=\"content\">\n\t\t\t\t\t\t\t\t\t\t<div class=\"desc fs14\">Las mudanzas de M\u00e1laga ofrecen un incre\u00edble servicio de compras en l\u00ednea de 7 d\u00edas. Ahora puedes comprar online y te lo llevamos directamente a tu puerta en M\u00e1laga.<\/div>\n\t\t\t\t\t\t\t\t\t<\/div>\n\t\t\t\t\t\t\t\t\t<div class=\"quote\"><a class=\"uk-button redhover uk-button-default\" href=\"https:\/\/www.malagaremovals.com\/es\/compras-de-muebles-en-linea\/\">Discover more<\/a><\/div>\n\t\t\t\t\t\t\t\t<\/div>\n\t\t\t\t\t\t\t<\/div>\n\t\t\t\t\t\t\t\t\t\t\t\t\n\t\t\t\t\t\t\t<div class=\"animateInitState animate\">\n\t\t\t\t\t\t\t\t<div class=\"inner\">\n\t\t\t\t\t\t\t\t\t<div class=\"uk-cover-container\">\n\t\t\t\t\t\t\t\t\t\t<canvas width=\"678\" height=\"1068\"><\/canvas>\n\t\t\t\t\t\t\t\t\t\t<img decoding=\"async\" src=\"https:\/\/www.malagaremovals.com\/wp-content\/uploads\/2022\/03\/storageV1-300x243.jpg\"\n\t\t\t\t\t\t\t\t\t\t srcset=\"https:\/\/www.malagaremovals.com\/wp-content\/uploads\/2022\/03\/storageV1-300x243.jpg 300w, https:\/\/www.malagaremovals.com\/wp-content\/uploads\/2022\/03\/storageV1.jpg 698w\"\n\t\t\t\t\t\t\t\t\t\t sizes=\"(max-width: 50em) 87vw, 680px\" alt=\"\" uk-cover>\n\t\t\t\t\t\t\t\t\t\t <div class=\"uk-overlay uk-light uk-position-bottom\">\n\t\t\t\t\t\t\t\t\t\t\t<h4 class=\"section-title uk-padding-small uk-padding-remove-vertical\">Servicios de almacenamiento<\/h4>\n\t\t\t\t\t\t\t\t\t\t<\/div>\n\t\t\t\t\t\t\t\t\t\t<a class=\"uk-position-cover\" href=\"https:\/\/www.malagaremovals.com\/es\/storage-services\/\"><\/a>\t\t\t\t\t\t\n\t\t\t\t\t\t\t\t\t<\/div>\n\t\t\t\t\t\t\t\t\t<div class=\"content\">\n\t\t\t\t\t\t\t\t\t\t<div class=\"desc fs14\">Tenemos instalaciones de almacenamiento en el Reino Unido y M\u00e1laga, Espa\u00f1a. \nNuestras instalaciones son almacenes de almacenamiento especialmente dise\u00f1ados, que son seguros y cuentan con alarmas en todo momento.<\/div>\n\t\t\t\t\t\t\t\t\t<\/div>\n\t\t\t\t\t\t\t\t\t<div class=\"quote\"><a class=\"uk-button redhover uk-button-default\" href=\"https:\/\/www.malagaremovals.com\/es\/storage-services\/\">Discover more<\/a><\/div>\n\t\t\t\t\t\t\t\t<\/div>\n\t\t\t\t\t\t\t<\/div>\n\t\t\t\t\t\t\t\t\t\t\t<\/div>\n\t\t\t\t\n\t\t\t\t\n\t\t\t<\/div>\n\t\t<\/div>\n\t<\/div><!-- .container -->\n<\/div><!-- .fullpage -->\n\n\n\n\n","protected":false},"excerpt":{"rendered":"<p>Nuestro servicio de embalaje de piezas es ideal para cuidar todos tus muebles y electrodom\u00e9sticos de gran tama\u00f1o. Dej\u00e1ndote libre para empacar objetos de valor y art\u00edculos personales.<\/p>\n","protected":false},"author":1,"featured_media":3532,"parent":0,"menu_order":0,"comment_status":"closed","ping_status":"closed","template":"","meta":{"_acf_changed":false,"footnotes":""},"class_list":["post-4403","page","type-page","status-publish","has-post-thumbnail","hentry"],"acf":[],"yoast_head":"<!-- This site is optimized with the Yoast SEO plugin v26.6 - https:\/\/yoast.com\/wordpress\/plugins\/seo\/ -->\n<title>Servicios de embalaje de piezas<\/title>\n<meta name=\"description\" content=\"Servicios de embalaje de piezas. El servicio de embalaje de piezas de mudanzas de Algarve es ideal para encargarse de todos los muebles y electrodom\u00e9sticos grandes cuando se muda al Algarve, Portugal.\" \/>\n<meta name=\"robots\" content=\"index, follow, max-snippet:-1, max-image-preview:large, max-video-preview:-1\" \/>\n<link rel=\"canonical\" href=\"https:\/\/www.malagaremovals.com\/es\/servicios-de-embalaje-de-piezas\/\" \/>\n<meta property=\"og:locale\" content=\"es_ES\" \/>\n<meta property=\"og:type\" content=\"article\" \/>\n<meta property=\"og:title\" content=\"Servicios de embalaje de piezas\" \/>\n<meta property=\"og:description\" content=\"Servicios de embalaje de piezas. El servicio de embalaje de piezas de mudanzas de Algarve es ideal para encargarse de todos los muebles y electrodom\u00e9sticos grandes cuando se muda al Algarve, Portugal.\" \/>\n<meta property=\"og:url\" content=\"https:\/\/www.malagaremovals.com\/es\/servicios-de-embalaje-de-piezas\/\" \/>\n<meta property=\"og:site_name\" content=\"Malaga Removals\" \/>\n<meta property=\"article:publisher\" content=\"https:\/\/www.facebook.com\/algarve.removals\/\" \/>\n<meta property=\"article:modified_time\" content=\"2022-04-25T21:02:31+00:00\" \/>\n<meta property=\"og:image\" content=\"https:\/\/www.malagaremovals.com\/wp-content\/uploads\/2022\/02\/packing01.jpg\" \/>\n\t<meta property=\"og:image:width\" content=\"1860\" \/>\n\t<meta property=\"og:image:height\" content=\"1694\" \/>\n\t<meta property=\"og:image:type\" content=\"image\/jpeg\" \/>\n<meta name=\"twitter:card\" content=\"summary_large_image\" \/>\n<script type=\"application\/ld+json\" class=\"yoast-schema-graph\">{\"@context\":\"https:\/\/schema.org\",\"@graph\":[{\"@type\":\"WebPage\",\"@id\":\"https:\/\/www.malagaremovals.com\/es\/servicios-de-embalaje-de-piezas\/\",\"url\":\"https:\/\/www.malagaremovals.com\/es\/servicios-de-embalaje-de-piezas\/\",\"name\":\"Servicios de embalaje de piezas\",\"isPartOf\":{\"@id\":\"https:\/\/www.malagaremovals.com\/es\/#website\"},\"primaryImageOfPage\":{\"@id\":\"https:\/\/www.malagaremovals.com\/es\/servicios-de-embalaje-de-piezas\/#primaryimage\"},\"image\":{\"@id\":\"https:\/\/www.malagaremovals.com\/es\/servicios-de-embalaje-de-piezas\/#primaryimage\"},\"thumbnailUrl\":\"https:\/\/www.malagaremovals.com\/wp-content\/uploads\/2022\/02\/packing01.jpg\",\"datePublished\":\"2022-03-14T10:34:13+00:00\",\"dateModified\":\"2022-04-25T21:02:31+00:00\",\"description\":\"Servicios de embalaje de piezas. El servicio de embalaje de piezas de mudanzas de Algarve es ideal para encargarse de todos los muebles y electrodom\u00e9sticos grandes cuando se muda al Algarve, Portugal.\",\"breadcrumb\":{\"@id\":\"https:\/\/www.malagaremovals.com\/es\/servicios-de-embalaje-de-piezas\/#breadcrumb\"},\"inLanguage\":\"es\",\"potentialAction\":[{\"@type\":\"ReadAction\",\"target\":[\"https:\/\/www.malagaremovals.com\/es\/servicios-de-embalaje-de-piezas\/\"]}]},{\"@type\":\"ImageObject\",\"inLanguage\":\"es\",\"@id\":\"https:\/\/www.malagaremovals.com\/es\/servicios-de-embalaje-de-piezas\/#primaryimage\",\"url\":\"https:\/\/www.malagaremovals.com\/wp-content\/uploads\/2022\/02\/packing01.jpg\",\"contentUrl\":\"https:\/\/www.malagaremovals.com\/wp-content\/uploads\/2022\/02\/packing01.jpg\",\"width\":1860,\"height\":1694,\"caption\":\"embalaje\"},{\"@type\":\"BreadcrumbList\",\"@id\":\"https:\/\/www.malagaremovals.com\/es\/servicios-de-embalaje-de-piezas\/#breadcrumb\",\"itemListElement\":[{\"@type\":\"ListItem\",\"position\":1,\"name\":\"Home\",\"item\":\"https:\/\/www.malagaremovals.com\/es\/\"},{\"@type\":\"ListItem\",\"position\":2,\"name\":\"Servicios de embalaje de piezas\"}]},{\"@type\":\"WebSite\",\"@id\":\"https:\/\/www.malagaremovals.com\/es\/#website\",\"url\":\"https:\/\/www.malagaremovals.com\/es\/\",\"name\":\"Malaga Removals\",\"description\":\"Removals Services to Malaga Spain\",\"potentialAction\":[{\"@type\":\"SearchAction\",\"target\":{\"@type\":\"EntryPoint\",\"urlTemplate\":\"https:\/\/www.malagaremovals.com\/es\/?s={search_term_string}\"},\"query-input\":{\"@type\":\"PropertyValueSpecification\",\"valueRequired\":true,\"valueName\":\"search_term_string\"}}],\"inLanguage\":\"es\"}]}<\/script>\n<!-- \/ Yoast SEO plugin. -->","yoast_head_json":{"title":"Servicios de embalaje de piezas","description":"Servicios de embalaje de piezas. El servicio de embalaje de piezas de mudanzas de Algarve es ideal para encargarse de todos los muebles y electrodom\u00e9sticos grandes cuando se muda al Algarve, Portugal.","robots":{"index":"index","follow":"follow","max-snippet":"max-snippet:-1","max-image-preview":"max-image-preview:large","max-video-preview":"max-video-preview:-1"},"canonical":"https:\/\/www.malagaremovals.com\/es\/servicios-de-embalaje-de-piezas\/","og_locale":"es_ES","og_type":"article","og_title":"Servicios de embalaje de piezas","og_description":"Servicios de embalaje de piezas. El servicio de embalaje de piezas de mudanzas de Algarve es ideal para encargarse de todos los muebles y electrodom\u00e9sticos grandes cuando se muda al Algarve, Portugal.","og_url":"https:\/\/www.malagaremovals.com\/es\/servicios-de-embalaje-de-piezas\/","og_site_name":"Malaga Removals","article_publisher":"https:\/\/www.facebook.com\/algarve.removals\/","article_modified_time":"2022-04-25T21:02:31+00:00","og_image":[{"width":1860,"height":1694,"url":"https:\/\/www.malagaremovals.com\/wp-content\/uploads\/2022\/02\/packing01.jpg","type":"image\/jpeg"}],"twitter_card":"summary_large_image","schema":{"@context":"https:\/\/schema.org","@graph":[{"@type":"WebPage","@id":"https:\/\/www.malagaremovals.com\/es\/servicios-de-embalaje-de-piezas\/","url":"https:\/\/www.malagaremovals.com\/es\/servicios-de-embalaje-de-piezas\/","name":"Servicios de embalaje de piezas","isPartOf":{"@id":"https:\/\/www.malagaremovals.com\/es\/#website"},"primaryImageOfPage":{"@id":"https:\/\/www.malagaremovals.com\/es\/servicios-de-embalaje-de-piezas\/#primaryimage"},"image":{"@id":"https:\/\/www.malagaremovals.com\/es\/servicios-de-embalaje-de-piezas\/#primaryimage"},"thumbnailUrl":"https:\/\/www.malagaremovals.com\/wp-content\/uploads\/2022\/02\/packing01.jpg","datePublished":"2022-03-14T10:34:13+00:00","dateModified":"2022-04-25T21:02:31+00:00","description":"Servicios de embalaje de piezas. El servicio de embalaje de piezas de mudanzas de Algarve es ideal para encargarse de todos los muebles y electrodom\u00e9sticos grandes cuando se muda al Algarve, Portugal.","breadcrumb":{"@id":"https:\/\/www.malagaremovals.com\/es\/servicios-de-embalaje-de-piezas\/#breadcrumb"},"inLanguage":"es","potentialAction":[{"@type":"ReadAction","target":["https:\/\/www.malagaremovals.com\/es\/servicios-de-embalaje-de-piezas\/"]}]},{"@type":"ImageObject","inLanguage":"es","@id":"https:\/\/www.malagaremovals.com\/es\/servicios-de-embalaje-de-piezas\/#primaryimage","url":"https:\/\/www.malagaremovals.com\/wp-content\/uploads\/2022\/02\/packing01.jpg","contentUrl":"https:\/\/www.malagaremovals.com\/wp-content\/uploads\/2022\/02\/packing01.jpg","width":1860,"height":1694,"caption":"embalaje"},{"@type":"BreadcrumbList","@id":"https:\/\/www.malagaremovals.com\/es\/servicios-de-embalaje-de-piezas\/#breadcrumb","itemListElement":[{"@type":"ListItem","position":1,"name":"Home","item":"https:\/\/www.malagaremovals.com\/es\/"},{"@type":"ListItem","position":2,"name":"Servicios de embalaje de piezas"}]},{"@type":"WebSite","@id":"https:\/\/www.malagaremovals.com\/es\/#website","url":"https:\/\/www.malagaremovals.com\/es\/","name":"Malaga Removals","description":"Removals Services to Malaga Spain","potentialAction":[{"@type":"SearchAction","target":{"@type":"EntryPoint","urlTemplate":"https:\/\/www.malagaremovals.com\/es\/?s={search_term_string}"},"query-input":{"@type":"PropertyValueSpecification","valueRequired":true,"valueName":"search_term_string"}}],"inLanguage":"es"}]}},"_links":{"self":[{"href":"https:\/\/www.malagaremovals.com\/es\/wp-json\/wp\/v2\/pages\/4403","targetHints":{"allow":["GET"]}}],"collection":[{"href":"https:\/\/www.malagaremovals.com\/es\/wp-json\/wp\/v2\/pages"}],"about":[{"href":"https:\/\/www.malagaremovals.com\/es\/wp-json\/wp\/v2\/types\/page"}],"author":[{"embeddable":true,"href":"https:\/\/www.malagaremovals.com\/es\/wp-json\/wp\/v2\/users\/1"}],"replies":[{"embeddable":true,"href":"https:\/\/www.malagaremovals.com\/es\/wp-json\/wp\/v2\/comments?post=4403"}],"version-history":[{"count":5,"href":"https:\/\/www.malagaremovals.com\/es\/wp-json\/wp\/v2\/pages\/4403\/revisions"}],"predecessor-version":[{"id":4958,"href":"https:\/\/www.malagaremovals.com\/es\/wp-json\/wp\/v2\/pages\/4403\/revisions\/4958"}],"wp:featuredmedia":[{"embeddable":true,"href":"https:\/\/www.malagaremovals.com\/es\/wp-json\/wp\/v2\/media\/3532"}],"wp:attachment":[{"href":"https:\/\/www.malagaremovals.com\/es\/wp-json\/wp\/v2\/media?parent=4403"}],"curies":[{"name":"wp","href":"https:\/\/api.w.org\/{rel}","templated":true}]}}