{"id":4228,"date":"2022-03-14T14:11:53","date_gmt":"2022-03-14T14:11:53","guid":{"rendered":"https:\/\/algarveremovals.com\/staging\/?page_id=4228"},"modified":"2022-05-02T20:00:12","modified_gmt":"2022-05-02T20:00:12","slug":"socios","status":"publish","type":"page","link":"https:\/\/www.malagaremovals.com\/es\/socios\/","title":{"rendered":"Socios"},"content":{"rendered":"\r\n<div class=\"block-row-full\">\r\n\r\n\t<div id=\"ar-partners\" class=\"uk-section ar-partners uk-section-large uk-background-default uk-position-relative \"\r\n\t uk-img>\r\n\t\r\n\t\t\t\t\t\t\r\n\t\t<div class=\"uk-width-1-1\">\r\n\t\t\t<div class=\"uk-container uk-position-relative\">\r\n\t\t\t\t\t\t\t\t\t\t\t\t\r\n\t\t\t\t\t\t\t\t\t<div class=\"uk-text-center uk-margin-large-bottom\">\r\n\t\t\t\t\t\t<h3 class=\"section-title red\">\r\n\t\t\t\t\t\t\tNuestros compa\u00f1eros\t\t\t\t\t\t\t<div class=\"subtitle uk-display-block uk-width-4-5@m uk-margin-auto\">A continuaci\u00f3n encontrar\u00e1 una lista de nuestros socios de confianza y los servicios que ofrecen.<\/div>\t\t\t\t\t\t<\/h3>\t\r\n\t\t\t\t\t\t\t\t\t\t\t\t\r\n\t\t\t\t\t<\/div>\r\n\t\t\t\t\t\t\t\t\r\n\t\t\t\t<div class=\"logos-container\">\r\n\t\t\t\t\r\n\t\t\t\t\t\t\t\t\t\t\t<div class=\"uk-child-width-1-1 uk-child-width-1-3@m uk-grid uk-grid-large uk-flex uk-flex-center uk-text-center uk-grid-medium\" uk-grid uk-scrollspy=\"cls: uk-animation-slide-bottom-small; target: .uk-panel; repeat: true;\">\r\n\t\t\t\t\t\t\t\t\t\t\t\t\t\t\t\r\n\t\t\t\t\t\t\t\t<div class=\"partner-1\">\r\n\t\t\t\t\t\t\t\t\t<div class=\"uk-card uk-card-default uk-panel animateInitState\">\r\n\t\t\t\t\t\t\t\t\t\t<div class=\"uk-card-header\">\r\n\t\t\t\t\t\t\t\t\t\t\t<div class=\"uk-grid-small uk-flex-middle\" uk-grid>\r\n\t\t\t\t\t\t\t\t\t\t\t\t<div class=\"uk-width-expand\">\r\n\t\t\t\t\t\t\t\t\t\t\t\t\t<h3 class=\"uk-card-title uk-margin-remove-bottom\">Capitex FX<\/h3>\r\n\t\t\t\t\t\t\t\t\t\t\t\t<\/div>\r\n\t\t\t\t\t\t\t\t\t\t\t<\/div>\r\n\t\t\t\t\t\t\t\t\t\t<\/div>\r\n\t\t\t\t\t\t\t\t\t\t<div class=\"uk-card-body\">\r\n\t\t\t\t\t\t\t\t\t\t\t<img decoding=\"async\" class=\"uk-margin-bottom\" src=\"https:\/\/www.malagaremovals.com\/wp-content\/uploads\/2022\/03\/cfe.png\" alt=\"\" width=\"\" \/>\t\t\t\t\t\t\t\t\t\t\t<div class=\"desc fs14\">Capitex FX es un especialista en pagos y cambio de divisas a medida, que ayuda a empresas e individuos en lo que respecta a sus divisas. Ayudar con los pagos al contado, as\u00ed como con los requisitos de cobertura a futuro m\u00e1s complejos. Trabajamos para proporcionar a nuestros clientes eficiencia y valor de FX que supera a nuestra competencia. Ofrecemos servicios personalizados de ejecuci\u00f3n de divisas y gesti\u00f3n de riesgos a empresas y particulares en el Reino Unido, EE. UU., Europa y zonas de Oriente Medio.<\/div>\t\t\t\t\t\t\t\t\t\t<\/div>\r\n\t\t\t\t\t\t\t\t\t\t\t\t\t\t\t\t\t\t\t\t\t<div class=\"uk-card-footer\">\r\n\t\t\t\t\t\t\t\t\t\t\t\t<a href=\"http:\/\/www.capitexfx.com\" class=\"uk-button uk-button-text\">Visit Site<\/a>\r\n\t\t\t\t\t\t\t\t\t\t\t<\/div>\r\n\t\t\t\t\t\t\t\t\t\t\t\t\t\t\t\t\t\t\t<\/div>\t\t\t\t\t\t\t\t\t\t\t\t\t\t\t\t\t\t\t\t\t\t\t\t\r\n\t\t\t\t\t\t\t\t<\/div>\r\n\t\t\t\t\t\t\t\t\t\t\t\t\t\t\t\r\n\t\t\t\t\t\t\t\t<div class=\"partner-2\">\r\n\t\t\t\t\t\t\t\t\t<div class=\"uk-card uk-card-default uk-panel animateInitState\">\r\n\t\t\t\t\t\t\t\t\t\t<div class=\"uk-card-header\">\r\n\t\t\t\t\t\t\t\t\t\t\t<div class=\"uk-grid-small uk-flex-middle\" uk-grid>\r\n\t\t\t\t\t\t\t\t\t\t\t\t<div class=\"uk-width-expand\">\r\n\t\t\t\t\t\t\t\t\t\t\t\t\t<h3 class=\"uk-card-title uk-margin-remove-bottom\">Espacio disponible<\/h3>\r\n\t\t\t\t\t\t\t\t\t\t\t\t<\/div>\r\n\t\t\t\t\t\t\t\t\t\t\t<\/div>\r\n\t\t\t\t\t\t\t\t\t\t<\/div>\r\n\t\t\t\t\t\t\t\t\t\t<div class=\"uk-card-body\">\r\n\t\t\t\t\t\t\t\t\t\t\t<img decoding=\"async\" class=\"uk-margin-bottom\" src=\"https:\/\/www.malagaremovals.com\/wp-content\/uploads\/2022\/03\/empty.png\" alt=\"\" width=\"\" \/>\t\t\t\t\t\t\t\t\t\t\t\t\t\t\t\t\t\t\t\t\t<\/div>\r\n\t\t\t\t\t\t\t\t\t\t\t\t\t\t\t\t\t\t\t<\/div>\t\t\t\t\t\t\t\t\t\t\t\t\t\t\t\t\t\t\t\t\t\t\t\t\r\n\t\t\t\t\t\t\t\t<\/div>\r\n\t\t\t\t\t\t\t\t\t\t\t\t\t\t\t\r\n\t\t\t\t\t\t\t\t<div class=\"partner-3\">\r\n\t\t\t\t\t\t\t\t\t<div class=\"uk-card uk-card-default uk-panel animateInitState\">\r\n\t\t\t\t\t\t\t\t\t\t<div class=\"uk-card-header\">\r\n\t\t\t\t\t\t\t\t\t\t\t<div class=\"uk-grid-small uk-flex-middle\" uk-grid>\r\n\t\t\t\t\t\t\t\t\t\t\t\t<div class=\"uk-width-expand\">\r\n\t\t\t\t\t\t\t\t\t\t\t\t\t<h3 class=\"uk-card-title uk-margin-remove-bottom\">Espacio disponible<\/h3>\r\n\t\t\t\t\t\t\t\t\t\t\t\t<\/div>\r\n\t\t\t\t\t\t\t\t\t\t\t<\/div>\r\n\t\t\t\t\t\t\t\t\t\t<\/div>\r\n\t\t\t\t\t\t\t\t\t\t<div class=\"uk-card-body\">\r\n\t\t\t\t\t\t\t\t\t\t\t<img decoding=\"async\" class=\"uk-margin-bottom\" src=\"https:\/\/www.malagaremovals.com\/wp-content\/uploads\/2022\/03\/empty.png\" alt=\"\" width=\"\" \/>\t\t\t\t\t\t\t\t\t\t\t\t\t\t\t\t\t\t\t\t\t<\/div>\r\n\t\t\t\t\t\t\t\t\t\t\t\t\t\t\t\t\t\t\t<\/div>\t\t\t\t\t\t\t\t\t\t\t\t\t\t\t\t\t\t\t\t\t\t\t\t\r\n\t\t\t\t\t\t\t\t<\/div>\r\n\t\t\t\t\t\t\t\t\t\t\t\t\t<\/div>\r\n\t\t\t\t\t\t\t\t\t\t\r\n\t\t\t\t\r\n\t\t\t\t<\/div>\r\n\t\t\t<\/div>\r\n\t\t<\/div>\r\n\t<\/div><!-- .container -->\r\n<\/div><!-- .container -->\r\n\r\n\r\n\r\n\r\n\n\n\r\n<div class=\"block-row-full\">\t\t\t\r\n\t<div id=\"quote-ctas\" class=\"uk-section quote-ctas-container uk-section-xlarge uk-background-cover uk-background-center-center uk-position-relative uk-flex uk-flex-middle sd9-block \"\r\n\t\t\t\tdata-src=\"https:\/\/www.malagaremovals.com\/wp-content\/uploads\/2022\/04\/3-vans-1600x1200.jpg\"\r\n\t\tdata-srcset=\"https:\/\/www.malagaremovals.com\/wp-content\/uploads\/2022\/04\/3-vans-768x576.jpg 640w,\r\n\t\t\t\t  https:\/\/www.malagaremovals.com\/wp-content\/uploads\/2022\/04\/3-vans-1600x1200.jpg 1600w,\r\n\t\t\t\t  https:\/\/www.malagaremovals.com\/wp-content\/uploads\/2022\/04\/3-vans.jpg 1920w\"\t\t\t\t  \r\n\t\tdata-sizes=\"(min-width: 1200px) 1920px, (min-width: 960px) 1600px, 100vw\" \r\n\t\t uk-img uk-parallax=\"bgy: -200\">\r\n\t\t\r\n\t\t<div class=\"uk-position-cover\" style=\"background-color:rgba(255,255,255,0.73)\"><\/div>\t\t\r\n\t\t<div class=\"uk-width-1-1\">\r\n\t\t\t<div class=\"uk-container\">\r\n\t\t\t\r\n\t\t\t\t<div class=\"uk-position-relative\" uk-scrollspy=\"target: .animateup; cls: uk-animation-slide-bottom-medium;  delay: 100;\">\r\n\t\t\t\t\t\t\t\t\t\t\t<h3 class=\"section-title red uk-text-center animateInitState animateup\">\r\n\t\t\t\t\t\t\tAhorre tiempo y obtenga una cotizaci\u00f3n gratis ahora\t\t\t\t\t\t\t<span class=\"subtitle uk-display-block\">Deje las cargas de la mudanza de una casa a nuestros profesionales de la mudanza<\/span>\t\t\t\t\t\t<\/h3>\r\n\t\t\t\t\t\t\t\t\t<\/div>\r\n\t\t\t\t\r\n\t\t\t\t\t\t\t\t\t<div class=\"uk-flex uk-flex-center\">\r\n\t\t\t\t\t\t<div class=\"inner-wrapper uk-width-3-5@l uk-width-4-5@m\">\r\n\t\t\t\t\t\t\t<div class=\"quote-ctas uk-grid uk-child-width-1-2@s uk-margin-medium-top uk-flex uk-flex-center\" uk-grid uk-scrollspy=\"target: .animateup; cls: uk-animation-scale-up; delay: 100; repeat: true\">\r\n\t\t\t\t\t\t\t\t\t\t\t\t\t\t\t<div>\r\n\t\t\t\t\t\t\t\t\t<div class=\"btn uk-text-center uk-position-relative animateInitState animateup\">\r\n\t\t\t\t\t\t\t\t\t\t<div class=\"uk-grid uk-grid-divider uk-grid-small uk-flex uk-flex-middle\">\r\n\t\t\t\t\t\t\t\t\t\t\t<div class=\"icon uk-width-auto uk-flex uk-flex-middle\"><span class=\"\" uk-icon=\"icon: file-text; ratio: 1.25\"><\/span><\/div>\r\n\t\t\t\t\t\t\t\t\t\t\t<div class=\"title uk-width-expand\">Presupuesto r\u00e1pido<\/div>\t\t\t\t\t\t\r\n\t\t\t\t\t\t\t\t\t\t<\/div>\r\n\t\t\t\t\t\t\t\t\t\t<a class=\"uk-position-cover\" href=\"https:\/\/www.malagaremovals.com\/es\/mudanza-a-portugal-presupuesto-rapido\/\"  target=\"_self\"><\/a>\r\n\t\t\t\t\t\t\t\t\t<\/div>\r\n\t\t\t\t\t\t\t\t<\/div>\r\n\t\t\t\t\t\t\t\t\t\t\t\t\t\t\t<div>\r\n\t\t\t\t\t\t\t\t\t<div class=\"btn uk-text-center uk-position-relative animateInitState animateup\">\r\n\t\t\t\t\t\t\t\t\t\t<div class=\"uk-grid uk-grid-divider uk-grid-small uk-flex uk-flex-middle\">\r\n\t\t\t\t\t\t\t\t\t\t\t<div class=\"icon uk-width-auto uk-flex uk-flex-middle\"><span class=\"\" uk-icon=\"icon: file-text; ratio: 1.25\"><\/span><\/div>\r\n\t\t\t\t\t\t\t\t\t\t\t<div class=\"title uk-width-expand\">Cotizaci\u00f3n completa<\/div>\t\t\t\t\t\t\r\n\t\t\t\t\t\t\t\t\t\t<\/div>\r\n\t\t\t\t\t\t\t\t\t\t<a class=\"uk-position-cover\" href=\"https:\/\/www.malagaremovals.com\/es\/mudanza-a-portugal-presupuesto-rapido\/\"  target=\"_self\"><\/a>\r\n\t\t\t\t\t\t\t\t\t<\/div>\r\n\t\t\t\t\t\t\t\t<\/div>\r\n\t\t\t\t\t\t\t\t\t\t\t\t\t\t\t<div>\r\n\t\t\t\t\t\t\t\t\t<div class=\"btn uk-text-center uk-position-relative animateInitState animateup\">\r\n\t\t\t\t\t\t\t\t\t\t<div class=\"uk-grid uk-grid-divider uk-grid-small uk-flex uk-flex-middle\">\r\n\t\t\t\t\t\t\t\t\t\t\t<div class=\"icon uk-width-auto uk-flex uk-flex-middle\"><span class=\"\" uk-icon=\"icon: cart; ratio: 1.25\"><\/span><\/div>\r\n\t\t\t\t\t\t\t\t\t\t\t<div class=\"title uk-width-expand\">Compra de muebles<\/div>\t\t\t\t\t\t\r\n\t\t\t\t\t\t\t\t\t\t<\/div>\r\n\t\t\t\t\t\t\t\t\t\t<a class=\"uk-position-cover\" href=\"https:\/\/www.malagaremovals.com\/es\/compras-de-muebles-en-linea\/\"  target=\"_self\"><\/a>\r\n\t\t\t\t\t\t\t\t\t<\/div>\r\n\t\t\t\t\t\t\t\t<\/div>\r\n\t\t\t\t\t\t\t\t\t\t\t\t\t\t\t<div>\r\n\t\t\t\t\t\t\t\t\t<div class=\"btn uk-text-center uk-position-relative animateInitState animateup\">\r\n\t\t\t\t\t\t\t\t\t\t<div class=\"uk-grid uk-grid-divider uk-grid-small uk-flex uk-flex-middle\">\r\n\t\t\t\t\t\t\t\t\t\t\t<div class=\"icon uk-width-auto uk-flex uk-flex-middle\"><span class=\"\" uk-icon=\"icon: file-text; ratio: 1.25\"><\/span><\/div>\r\n\t\t\t\t\t\t\t\t\t\t\t<div class=\"title uk-width-expand\">Confirmar cotizaci\u00f3n<\/div>\t\t\t\t\t\t\r\n\t\t\t\t\t\t\t\t\t\t<\/div>\r\n\t\t\t\t\t\t\t\t\t\t<a class=\"uk-position-cover\" href=\"https:\/\/www.malagaremovals.com\/es\/confirmacion-de-reserva\/\"  target=\"_self\"><\/a>\r\n\t\t\t\t\t\t\t\t\t<\/div>\r\n\t\t\t\t\t\t\t\t<\/div>\r\n\t\t\t\t\t\t\t\t\t\t\t\t\t\t<\/div>\r\n\t\t\t\t\t\t<\/div>\r\n\t\t\t\t\t<\/div>\r\n\t\t\t\t\r\n\t\t\t<\/div>\r\n\t\t<\/div>\r\n\t<\/div><!-- .container -->\r\n<\/div><!-- .container -->\r\n\r\n\r\n\r\n\r\n\n\n\n<div class=\"block-row-full\">\t\t\n\t<div id=\"features\" class=\"features-section uk-section uk-section-large sd9-block\" style=\"background-color:#fafafa\">\t\t\n\t\t<div class=\"uk-width-1-1\">\n\t\t\t<div class=\"uk-container\">\n\t\t\t\n\t\t\t\t<div class=\"uk-position-relative\" uk-scrollspy=\"target: .animateup; cls: uk-animation-slide-bottom-medium;  delay: 100;\">\n\t\t\t\t\t\t\t\t\t\t\t<h3 class=\"section-title red uk-text-center animateInitState animateup\">\n\t\t\t\t\t\t\tNuestros servicios\t\t\t\t\t\t\t<span class=\"subtitle uk-display-block\">Soluciones a medida para una reubicaci\u00f3n sin estr\u00e9s<\/span>\t\t\t\t\t\t<\/h3>\n\t\t\t\t\t\t\t\t\t<\/div>\n\t\t\t\t\n\n\t\t\t\t\t\t\t\t\t<div class=\"features-list uk-grid uk-child-width-1-2@s uk-child-width-1-4@m uk-flex uk-flex-center uk-text-center\" uk-grid uk-scrollspy=\"target: .animate; cls: uk-animation-slide-bottom-medium; delay: 100; repeat: true\" uk-margin=\"margin: uk-margin-xlarge-top\">\n\t\t\t\t\t\n\t\t\t\t\t\t\t\t\t\t\t\t\n\t\t\t\t\t\t\t<div class=\"animateInitState animate\">\n\t\t\t\t\t\t\t\t<div class=\"inner\">\n\t\t\t\t\t\t\t\t\t<div class=\"uk-cover-container\">\n\t\t\t\t\t\t\t\t\t\t<canvas width=\"678\" height=\"1068\"><\/canvas>\n\t\t\t\t\t\t\t\t\t\t<img decoding=\"async\" src=\"https:\/\/www.malagaremovals.com\/wp-content\/uploads\/2022\/02\/packing-services-300x200.jpg\"\n\t\t\t\t\t\t\t\t\t\t srcset=\"https:\/\/www.malagaremovals.com\/wp-content\/uploads\/2022\/02\/packing-services-300x200.jpg 300w, https:\/\/www.malagaremovals.com\/wp-content\/uploads\/2022\/02\/packing-services-1024x683.jpg 1024w, https:\/\/www.malagaremovals.com\/wp-content\/uploads\/2022\/02\/packing-services-768x512.jpg 768w, https:\/\/www.malagaremovals.com\/wp-content\/uploads\/2022\/02\/packing-services-1536x1024.jpg 1536w, https:\/\/www.malagaremovals.com\/wp-content\/uploads\/2022\/02\/packing-services-1600x1067.jpg 1600w, https:\/\/www.malagaremovals.com\/wp-content\/uploads\/2022\/02\/packing-services.jpg 1920w\"\n\t\t\t\t\t\t\t\t\t\t sizes=\"(max-width: 50em) 87vw, 680px\" alt=\"servicios de embalaje\" uk-cover>\n\t\t\t\t\t\t\t\t\t\t <div class=\"uk-overlay uk-light uk-position-bottom\">\n\t\t\t\t\t\t\t\t\t\t\t<h4 class=\"section-title uk-padding-small uk-padding-remove-vertical\">Servicios completos de embalaje<\/h4>\n\t\t\t\t\t\t\t\t\t\t<\/div>\n\t\t\t\t\t\t\t\t\t\t<a class=\"uk-position-cover\" href=\"https:\/\/www.malagaremovals.com\/es\/servicios-completos-de-embalaje\/\"><\/a>\t\t\t\t\t\t\n\t\t\t\t\t\t\t\t\t<\/div>\n\t\t\t\t\t\t\t\t\t<div class=\"content\">\n\t\t\t\t\t\t\t\t\t\t<div class=\"desc fs14\">Nuestro servicio completo de empaque incluye a nuestro personal profesional empacando su hogar completo. Esto incluye todo, desde sus muebles hasta los juguetes de sus hijos.<\/div>\n\t\t\t\t\t\t\t\t\t<\/div>\n\t\t\t\t\t\t\t\t\t<div class=\"quote\"><a class=\"uk-button redhover uk-button-default\" href=\"https:\/\/www.malagaremovals.com\/es\/servicios-completos-de-embalaje\/\">Discover more<\/a><\/div>\n\t\t\t\t\t\t\t\t<\/div>\n\t\t\t\t\t\t\t<\/div>\n\t\t\t\t\t\t\t\t\t\t\t\t\n\t\t\t\t\t\t\t<div class=\"animateInitState animate\">\n\t\t\t\t\t\t\t\t<div class=\"inner\">\n\t\t\t\t\t\t\t\t\t<div class=\"uk-cover-container\">\n\t\t\t\t\t\t\t\t\t\t<canvas width=\"678\" height=\"1068\"><\/canvas>\n\t\t\t\t\t\t\t\t\t\t<img decoding=\"async\" src=\"https:\/\/www.malagaremovals.com\/wp-content\/uploads\/2022\/02\/packing01-300x273.jpg\"\n\t\t\t\t\t\t\t\t\t\t srcset=\"https:\/\/www.malagaremovals.com\/wp-content\/uploads\/2022\/02\/packing01-300x273.jpg 300w, https:\/\/www.malagaremovals.com\/wp-content\/uploads\/2022\/02\/packing01-1024x933.jpg 1024w, https:\/\/www.malagaremovals.com\/wp-content\/uploads\/2022\/02\/packing01-768x699.jpg 768w, https:\/\/www.malagaremovals.com\/wp-content\/uploads\/2022\/02\/packing01-1536x1399.jpg 1536w, https:\/\/www.malagaremovals.com\/wp-content\/uploads\/2022\/02\/packing01-1600x1457.jpg 1600w, https:\/\/www.malagaremovals.com\/wp-content\/uploads\/2022\/02\/packing01.jpg 1860w\"\n\t\t\t\t\t\t\t\t\t\t sizes=\"(max-width: 50em) 87vw, 680px\" alt=\"embalaje\" uk-cover>\n\t\t\t\t\t\t\t\t\t\t <div class=\"uk-overlay uk-light uk-position-bottom\">\n\t\t\t\t\t\t\t\t\t\t\t<h4 class=\"section-title uk-padding-small uk-padding-remove-vertical\">Servicios de embalaje de piezas<\/h4>\n\t\t\t\t\t\t\t\t\t\t<\/div>\n\t\t\t\t\t\t\t\t\t\t<a class=\"uk-position-cover\" href=\"https:\/\/www.malagaremovals.com\/es\/servicios-de-embalaje-de-piezas\/\"><\/a>\t\t\t\t\t\t\n\t\t\t\t\t\t\t\t\t<\/div>\n\t\t\t\t\t\t\t\t\t<div class=\"content\">\n\t\t\t\t\t\t\t\t\t\t<div class=\"desc fs14\">Nuestro servicio de embalaje de piezas es ideal para cuidar todos tus muebles y electrodom\u00e9sticos de gran tama\u00f1o. Dej\u00e1ndote libre para empacar objetos de valor y art\u00edculos personales.<\/div>\n\t\t\t\t\t\t\t\t\t<\/div>\n\t\t\t\t\t\t\t\t\t<div class=\"quote\"><a class=\"uk-button redhover uk-button-default\" href=\"https:\/\/www.malagaremovals.com\/es\/servicios-de-embalaje-de-piezas\/\">Discover more<\/a><\/div>\n\t\t\t\t\t\t\t\t<\/div>\n\t\t\t\t\t\t\t<\/div>\n\t\t\t\t\t\t\t\t\t\t\t\t\n\t\t\t\t\t\t\t<div class=\"animateInitState animate\">\n\t\t\t\t\t\t\t\t<div class=\"inner\">\n\t\t\t\t\t\t\t\t\t<div class=\"uk-cover-container\">\n\t\t\t\t\t\t\t\t\t\t<canvas width=\"678\" height=\"1068\"><\/canvas>\n\t\t\t\t\t\t\t\t\t\t<img decoding=\"async\" src=\"https:\/\/www.malagaremovals.com\/wp-content\/uploads\/2022\/02\/showroom-300x200.jpg\"\n\t\t\t\t\t\t\t\t\t\t srcset=\"https:\/\/www.malagaremovals.com\/wp-content\/uploads\/2022\/02\/showroom-300x200.jpg 300w, https:\/\/www.malagaremovals.com\/wp-content\/uploads\/2022\/02\/showroom-1024x682.jpg 1024w, https:\/\/www.malagaremovals.com\/wp-content\/uploads\/2022\/02\/showroom-768x512.jpg 768w, https:\/\/www.malagaremovals.com\/wp-content\/uploads\/2022\/02\/showroom-1536x1023.jpg 1536w, https:\/\/www.malagaremovals.com\/wp-content\/uploads\/2022\/02\/showroom-1600x1066.jpg 1600w, https:\/\/www.malagaremovals.com\/wp-content\/uploads\/2022\/02\/showroom.jpg 1920w\"\n\t\t\t\t\t\t\t\t\t\t sizes=\"(max-width: 50em) 87vw, 680px\" alt=\"\" uk-cover>\n\t\t\t\t\t\t\t\t\t\t <div class=\"uk-overlay uk-light uk-position-bottom\">\n\t\t\t\t\t\t\t\t\t\t\t<h4 class=\"section-title uk-padding-small uk-padding-remove-vertical\">Compras de muebles en l\u00ednea<\/h4>\n\t\t\t\t\t\t\t\t\t\t<\/div>\n\t\t\t\t\t\t\t\t\t\t<a class=\"uk-position-cover\" href=\"https:\/\/www.malagaremovals.com\/es\/compras-de-muebles-en-linea\/\"><\/a>\t\t\t\t\t\t\n\t\t\t\t\t\t\t\t\t<\/div>\n\t\t\t\t\t\t\t\t\t<div class=\"content\">\n\t\t\t\t\t\t\t\t\t\t<div class=\"desc fs14\">Las mudanzas de M\u00e1laga ofrecen un incre\u00edble servicio de compras en l\u00ednea de 7 d\u00edas. Ahora puedes comprar online y te lo llevamos directamente a tu puerta en M\u00e1laga.<\/div>\n\t\t\t\t\t\t\t\t\t<\/div>\n\t\t\t\t\t\t\t\t\t<div class=\"quote\"><a class=\"uk-button redhover uk-button-default\" href=\"https:\/\/www.malagaremovals.com\/es\/compras-de-muebles-en-linea\/\">Discover more<\/a><\/div>\n\t\t\t\t\t\t\t\t<\/div>\n\t\t\t\t\t\t\t<\/div>\n\t\t\t\t\t\t\t\t\t\t\t\t\n\t\t\t\t\t\t\t<div class=\"animateInitState animate\">\n\t\t\t\t\t\t\t\t<div class=\"inner\">\n\t\t\t\t\t\t\t\t\t<div class=\"uk-cover-container\">\n\t\t\t\t\t\t\t\t\t\t<canvas width=\"678\" height=\"1068\"><\/canvas>\n\t\t\t\t\t\t\t\t\t\t<img decoding=\"async\" src=\"https:\/\/www.malagaremovals.com\/wp-content\/uploads\/2022\/03\/storageV1-300x243.jpg\"\n\t\t\t\t\t\t\t\t\t\t srcset=\"https:\/\/www.malagaremovals.com\/wp-content\/uploads\/2022\/03\/storageV1-300x243.jpg 300w, https:\/\/www.malagaremovals.com\/wp-content\/uploads\/2022\/03\/storageV1.jpg 698w\"\n\t\t\t\t\t\t\t\t\t\t sizes=\"(max-width: 50em) 87vw, 680px\" alt=\"\" uk-cover>\n\t\t\t\t\t\t\t\t\t\t <div class=\"uk-overlay uk-light uk-position-bottom\">\n\t\t\t\t\t\t\t\t\t\t\t<h4 class=\"section-title uk-padding-small uk-padding-remove-vertical\">Servicios de almacenamiento<\/h4>\n\t\t\t\t\t\t\t\t\t\t<\/div>\n\t\t\t\t\t\t\t\t\t\t<a class=\"uk-position-cover\" href=\"https:\/\/www.malagaremovals.com\/es\/storage-services\/\"><\/a>\t\t\t\t\t\t\n\t\t\t\t\t\t\t\t\t<\/div>\n\t\t\t\t\t\t\t\t\t<div class=\"content\">\n\t\t\t\t\t\t\t\t\t\t<div class=\"desc fs14\">Tenemos instalaciones de almacenamiento en el Reino Unido y M\u00e1laga, Espa\u00f1a. \nNuestras instalaciones son almacenes de almacenamiento especialmente dise\u00f1ados, que son seguros y cuentan con alarmas en todo momento.<\/div>\n\t\t\t\t\t\t\t\t\t<\/div>\n\t\t\t\t\t\t\t\t\t<div class=\"quote\"><a class=\"uk-button redhover uk-button-default\" href=\"https:\/\/www.malagaremovals.com\/es\/storage-services\/\">Discover more<\/a><\/div>\n\t\t\t\t\t\t\t\t<\/div>\n\t\t\t\t\t\t\t<\/div>\n\t\t\t\t\t\t\t\t\t\t\t<\/div>\n\t\t\t\t\n\t\t\t\t\n\t\t\t<\/div>\n\t\t<\/div>\n\t<\/div><!-- .container -->\n<\/div><!-- .fullpage -->\n\n\n\n\n","protected":false},"excerpt":{"rendered":"","protected":false},"author":1,"featured_media":0,"parent":0,"menu_order":0,"comment_status":"closed","ping_status":"closed","template":"","meta":{"_acf_changed":false,"footnotes":""},"class_list":["post-4228","page","type-page","status-publish","hentry"],"acf":[],"yoast_head":"<!-- This site is optimized with the Yoast SEO plugin v26.6 - https:\/\/yoast.com\/wordpress\/plugins\/seo\/ -->\n<title>Socios<\/title>\n<meta name=\"description\" content=\"Algarve Removal Partners, trabajamos junto con muchos nombres conocidos, as\u00ed que cont\u00e1ctenos hoy para obtener una cotizaci\u00f3n sin compromiso. Tel\u00e9fono: 01621 850 070\" \/>\n<meta name=\"robots\" content=\"index, follow, max-snippet:-1, max-image-preview:large, max-video-preview:-1\" \/>\n<link rel=\"canonical\" href=\"https:\/\/www.malagaremovals.com\/es\/socios\/\" \/>\n<meta property=\"og:locale\" content=\"es_ES\" \/>\n<meta property=\"og:type\" content=\"article\" \/>\n<meta property=\"og:title\" content=\"Socios\" \/>\n<meta property=\"og:description\" content=\"Algarve Removal Partners, trabajamos junto con muchos nombres conocidos, as\u00ed que cont\u00e1ctenos hoy para obtener una cotizaci\u00f3n sin compromiso. Tel\u00e9fono: 01621 850 070\" \/>\n<meta property=\"og:url\" content=\"https:\/\/www.malagaremovals.com\/es\/socios\/\" \/>\n<meta property=\"og:site_name\" content=\"Malaga Removals\" \/>\n<meta property=\"article:publisher\" content=\"https:\/\/www.facebook.com\/algarve.removals\/\" \/>\n<meta property=\"article:modified_time\" content=\"2022-05-02T20:00:12+00:00\" \/>\n<meta name=\"twitter:card\" content=\"summary_large_image\" \/>\n<script type=\"application\/ld+json\" class=\"yoast-schema-graph\">{\"@context\":\"https:\/\/schema.org\",\"@graph\":[{\"@type\":\"WebPage\",\"@id\":\"https:\/\/www.malagaremovals.com\/es\/socios\/\",\"url\":\"https:\/\/www.malagaremovals.com\/es\/socios\/\",\"name\":\"Socios\",\"isPartOf\":{\"@id\":\"https:\/\/www.malagaremovals.com\/es\/#website\"},\"datePublished\":\"2022-03-14T14:11:53+00:00\",\"dateModified\":\"2022-05-02T20:00:12+00:00\",\"description\":\"Algarve Removal Partners, trabajamos junto con muchos nombres conocidos, as\u00ed que cont\u00e1ctenos hoy para obtener una cotizaci\u00f3n sin compromiso. Tel\u00e9fono: 01621 850 070\",\"breadcrumb\":{\"@id\":\"https:\/\/www.malagaremovals.com\/es\/socios\/#breadcrumb\"},\"inLanguage\":\"es\",\"potentialAction\":[{\"@type\":\"ReadAction\",\"target\":[\"https:\/\/www.malagaremovals.com\/es\/socios\/\"]}]},{\"@type\":\"BreadcrumbList\",\"@id\":\"https:\/\/www.malagaremovals.com\/es\/socios\/#breadcrumb\",\"itemListElement\":[{\"@type\":\"ListItem\",\"position\":1,\"name\":\"Home\",\"item\":\"https:\/\/www.malagaremovals.com\/es\/\"},{\"@type\":\"ListItem\",\"position\":2,\"name\":\"Socios\"}]},{\"@type\":\"WebSite\",\"@id\":\"https:\/\/www.malagaremovals.com\/es\/#website\",\"url\":\"https:\/\/www.malagaremovals.com\/es\/\",\"name\":\"Malaga Removals\",\"description\":\"Removals Services to Malaga Spain\",\"potentialAction\":[{\"@type\":\"SearchAction\",\"target\":{\"@type\":\"EntryPoint\",\"urlTemplate\":\"https:\/\/www.malagaremovals.com\/es\/?s={search_term_string}\"},\"query-input\":{\"@type\":\"PropertyValueSpecification\",\"valueRequired\":true,\"valueName\":\"search_term_string\"}}],\"inLanguage\":\"es\"}]}<\/script>\n<!-- \/ Yoast SEO plugin. -->","yoast_head_json":{"title":"Socios","description":"Algarve Removal Partners, trabajamos junto con muchos nombres conocidos, as\u00ed que cont\u00e1ctenos hoy para obtener una cotizaci\u00f3n sin compromiso. Tel\u00e9fono: 01621 850 070","robots":{"index":"index","follow":"follow","max-snippet":"max-snippet:-1","max-image-preview":"max-image-preview:large","max-video-preview":"max-video-preview:-1"},"canonical":"https:\/\/www.malagaremovals.com\/es\/socios\/","og_locale":"es_ES","og_type":"article","og_title":"Socios","og_description":"Algarve Removal Partners, trabajamos junto con muchos nombres conocidos, as\u00ed que cont\u00e1ctenos hoy para obtener una cotizaci\u00f3n sin compromiso. Tel\u00e9fono: 01621 850 070","og_url":"https:\/\/www.malagaremovals.com\/es\/socios\/","og_site_name":"Malaga Removals","article_publisher":"https:\/\/www.facebook.com\/algarve.removals\/","article_modified_time":"2022-05-02T20:00:12+00:00","twitter_card":"summary_large_image","schema":{"@context":"https:\/\/schema.org","@graph":[{"@type":"WebPage","@id":"https:\/\/www.malagaremovals.com\/es\/socios\/","url":"https:\/\/www.malagaremovals.com\/es\/socios\/","name":"Socios","isPartOf":{"@id":"https:\/\/www.malagaremovals.com\/es\/#website"},"datePublished":"2022-03-14T14:11:53+00:00","dateModified":"2022-05-02T20:00:12+00:00","description":"Algarve Removal Partners, trabajamos junto con muchos nombres conocidos, as\u00ed que cont\u00e1ctenos hoy para obtener una cotizaci\u00f3n sin compromiso. Tel\u00e9fono: 01621 850 070","breadcrumb":{"@id":"https:\/\/www.malagaremovals.com\/es\/socios\/#breadcrumb"},"inLanguage":"es","potentialAction":[{"@type":"ReadAction","target":["https:\/\/www.malagaremovals.com\/es\/socios\/"]}]},{"@type":"BreadcrumbList","@id":"https:\/\/www.malagaremovals.com\/es\/socios\/#breadcrumb","itemListElement":[{"@type":"ListItem","position":1,"name":"Home","item":"https:\/\/www.malagaremovals.com\/es\/"},{"@type":"ListItem","position":2,"name":"Socios"}]},{"@type":"WebSite","@id":"https:\/\/www.malagaremovals.com\/es\/#website","url":"https:\/\/www.malagaremovals.com\/es\/","name":"Malaga Removals","description":"Removals Services to Malaga Spain","potentialAction":[{"@type":"SearchAction","target":{"@type":"EntryPoint","urlTemplate":"https:\/\/www.malagaremovals.com\/es\/?s={search_term_string}"},"query-input":{"@type":"PropertyValueSpecification","valueRequired":true,"valueName":"search_term_string"}}],"inLanguage":"es"}]}},"_links":{"self":[{"href":"https:\/\/www.malagaremovals.com\/es\/wp-json\/wp\/v2\/pages\/4228","targetHints":{"allow":["GET"]}}],"collection":[{"href":"https:\/\/www.malagaremovals.com\/es\/wp-json\/wp\/v2\/pages"}],"about":[{"href":"https:\/\/www.malagaremovals.com\/es\/wp-json\/wp\/v2\/types\/page"}],"author":[{"embeddable":true,"href":"https:\/\/www.malagaremovals.com\/es\/wp-json\/wp\/v2\/users\/1"}],"replies":[{"embeddable":true,"href":"https:\/\/www.malagaremovals.com\/es\/wp-json\/wp\/v2\/comments?post=4228"}],"version-history":[{"count":8,"href":"https:\/\/www.malagaremovals.com\/es\/wp-json\/wp\/v2\/pages\/4228\/revisions"}],"predecessor-version":[{"id":4982,"href":"https:\/\/www.malagaremovals.com\/es\/wp-json\/wp\/v2\/pages\/4228\/revisions\/4982"}],"wp:attachment":[{"href":"https:\/\/www.malagaremovals.com\/es\/wp-json\/wp\/v2\/media?parent=4228"}],"curies":[{"name":"wp","href":"https:\/\/api.w.org\/{rel}","templated":true}]}}