{"id":3846,"date":"2022-03-14T13:17:18","date_gmt":"2022-03-14T13:17:18","guid":{"rendered":"https:\/\/agmoval.test\/?page_id=3846"},"modified":"2022-03-16T17:08:19","modified_gmt":"2022-03-16T17:08:19","slug":"confirmacion-de-reserva","status":"publish","type":"page","link":"https:\/\/www.malagaremovals.com\/es\/confirmacion-de-reserva\/","title":{"rendered":"Confirmaci\u00f3n de reserva"},"content":{"rendered":"\n<p class=\"has-text-align-center\" style=\"font-size:17px\"><strong>Confirmaci\u00f3n de reserva de mudanza<\/strong><\/p>\n\n\n\n<p class=\"has-text-align-center uk-alert uk-alert-primary\">Por favor complete el siguiente formulario, en los campos requeridos si no tiene la informaci\u00f3n simplemente coloque una \u00abx\u00bb en el campo.<\/p>\n\n\n\n<p class=\"has-text-align-center\">Descargue y conserve una copia de nuestros <a title=\"T\u00e9rminos y condiciones de mudanzas en Algarve\" href=\"https:\/\/www.malagaremovals.com\/terms-conditions\" target=\"_blank\" rel=\"noopener noreferrer\">T\u00e9rminos y condiciones<\/a><\/p>\n\n\n\n<div class=\"wp-block-contact-form-7-contact-form-selector\">\n<div class=\"wpcf7 no-js\" id=\"wpcf7-f4445-o1\" lang=\"es-ES\" dir=\"ltr\" data-wpcf7-id=\"4445\">\n<div class=\"screen-reader-response\"><p role=\"status\" aria-live=\"polite\" aria-atomic=\"true\"><\/p> <ul><\/ul><\/div>\n<form action=\"\/es\/wp-json\/wp\/v2\/pages\/3846#wpcf7-f4445-o1\" method=\"post\" class=\"wpcf7-form init\" aria-label=\"Formulario de contacto\" novalidate=\"novalidate\" data-status=\"init\">\n<fieldset class=\"hidden-fields-container\"><input type=\"hidden\" name=\"_wpcf7\" value=\"4445\" \/><input type=\"hidden\" name=\"_wpcf7_version\" value=\"6.1.3\" \/><input type=\"hidden\" name=\"_wpcf7_locale\" value=\"es_ES\" \/><input type=\"hidden\" name=\"_wpcf7_unit_tag\" value=\"wpcf7-f4445-o1\" \/><input type=\"hidden\" name=\"_wpcf7_container_post\" value=\"0\" \/><input type=\"hidden\" name=\"_wpcf7_posted_data_hash\" value=\"\" \/><input type=\"hidden\" name=\"_wpcf7_recaptcha_response\" value=\"\" \/>\n<\/fieldset>\n<p><label>Referencia de cotizaci\u00f3n (requerido)<\/label>\n<\/p>\n<p><span class=\"wpcf7-form-control-wrap\" data-name=\"quote-ref\"><input size=\"40\" maxlength=\"400\" class=\"wpcf7-form-control wpcf7-text wpcf7-validates-as-required\" aria-required=\"true\" aria-invalid=\"false\" value=\"\" type=\"text\" name=\"quote-ref\" \/><\/span>\n<\/p>\n<p><label>Tu nombre (requerido)<\/label>\n<\/p>\n<p><span class=\"wpcf7-form-control-wrap\" data-name=\"your-name\"><input size=\"40\" maxlength=\"400\" class=\"wpcf7-form-control wpcf7-text wpcf7-validates-as-required\" aria-required=\"true\" aria-invalid=\"false\" value=\"\" type=\"text\" name=\"your-name\" \/><\/span>\n<\/p>\n<p><label>Tu Email (requerido)<\/label>\n<\/p>\n<p><span class=\"wpcf7-form-control-wrap\" data-name=\"your-email\"><input size=\"40\" maxlength=\"400\" class=\"wpcf7-form-control wpcf7-email wpcf7-validates-as-required wpcf7-text wpcf7-validates-as-email\" aria-required=\"true\" aria-invalid=\"false\" value=\"\" type=\"email\" name=\"your-email\" \/><\/span>\n<\/p>\n<p><label>Direcci\u00f3n de recogida 1 <\/label>\n<\/p>\n<p><span class=\"wpcf7-form-control-wrap\" data-name=\"collection-address1\"><input size=\"40\" maxlength=\"400\" class=\"wpcf7-form-control wpcf7-text\" aria-invalid=\"false\" value=\"\" type=\"text\" name=\"collection-address1\" \/><\/span>\n<\/p>\n<p><label>Direcci\u00f3n de recogida 2 <\/label>\n<\/p>\n<p><span class=\"wpcf7-form-control-wrap\" data-name=\"collection-address2\"><input size=\"40\" maxlength=\"400\" class=\"wpcf7-form-control wpcf7-text\" aria-invalid=\"false\" value=\"\" type=\"text\" name=\"collection-address2\" \/><\/span>\n<\/p>\n<p><label>Colecci\u00f3n Pueblo\/Ciudad <\/label>\n<\/p>\n<p><span class=\"wpcf7-form-control-wrap\" data-name=\"your-towncity\"><input size=\"40\" maxlength=\"400\" class=\"wpcf7-form-control wpcf7-text\" aria-invalid=\"false\" value=\"\" type=\"text\" name=\"your-towncity\" \/><\/span>\n<\/p>\n<p><label>Condado de colecci\u00f3n <\/label>\n<\/p>\n<p><span class=\"wpcf7-form-control-wrap\" data-name=\"your-county\"><input size=\"40\" maxlength=\"400\" class=\"wpcf7-form-control wpcf7-text\" aria-invalid=\"false\" value=\"\" type=\"text\" name=\"your-county\" \/><\/span>\n<\/p>\n<p><label>Colecci\u00f3n Pa\u00eds <\/label>\n<\/p>\n<p><span class=\"wpcf7-form-control-wrap\" data-name=\"collection-country\"><input size=\"40\" maxlength=\"400\" class=\"wpcf7-form-control wpcf7-text\" aria-invalid=\"false\" value=\"\" type=\"text\" name=\"collection-country\" \/><\/span>\n<\/p>\n<p><label>C\u00f3digo postal de la colecci\u00f3n <\/label>\n<\/p>\n<p><span class=\"wpcf7-form-control-wrap\" data-name=\"your-postcode\"><input size=\"40\" maxlength=\"400\" class=\"wpcf7-form-control wpcf7-text\" aria-invalid=\"false\" value=\"\" type=\"text\" name=\"your-postcode\" \/><\/span>\n<\/p>\n<p><label>Fecha de colecci\u00f3n <\/label>\n<\/p>\n<p><span class=\"wpcf7-form-control-wrap\" data-name=\"collectiondate\"><input size=\"40\" maxlength=\"400\" class=\"wpcf7-form-control wpcf7-text\" aria-invalid=\"false\" placeholder=\"ejemplo 13\/06\/2016\" value=\"\" type=\"text\" name=\"collectiondate\" \/><\/span>\n<\/p>\n<p><label>Contacto de recogida <\/label>\n<\/p>\n<p><span class=\"wpcf7-form-control-wrap\" data-name=\"collection-contact\"><input size=\"40\" maxlength=\"400\" class=\"wpcf7-form-control wpcf7-text\" aria-invalid=\"false\" value=\"\" type=\"text\" name=\"collection-contact\" \/><\/span>\n<\/p>\n<p><label>Tel\u00e9fono de Recogida (requerido)<\/label>\n<\/p>\n<p><span class=\"wpcf7-form-control-wrap\" data-name=\"your-telephone\"><input size=\"40\" maxlength=\"400\" class=\"wpcf7-form-control wpcf7-text wpcf7-validates-as-required\" aria-required=\"true\" aria-invalid=\"false\" value=\"\" type=\"text\" name=\"your-telephone\" \/><\/span>\n<\/p>\n<p><label>Colecci\u00f3n M\u00f3vil (requerido)<\/label>\n<\/p>\n<p><span class=\"wpcf7-form-control-wrap\" data-name=\"your-mobile\"><input size=\"40\" maxlength=\"400\" class=\"wpcf7-form-control wpcf7-text wpcf7-validates-as-required\" aria-required=\"true\" aria-invalid=\"false\" value=\"\" type=\"text\" name=\"your-mobile\" \/><\/span>\n<\/p>\n<p><label>Acceso a la colecci\u00f3n <\/label>\n<\/p>\n<p><span class=\"wpcf7-form-control-wrap\" data-name=\"collectionaccess\"><select class=\"wpcf7-form-control wpcf7-select\" aria-invalid=\"false\" name=\"collectionaccess\"><option value=\"House\">House<\/option><option value=\"Bungalow\">Bungalow<\/option><option value=\"Piso en la planta baja\">Piso en la planta baja<\/option><option value=\"Piso de la 1\u00aa planta\">Piso de la 1\u00aa planta<\/option><option value=\"Piso de la 2\u00aa planta\">Piso de la 2\u00aa planta<\/option><option value=\"Piso de la 3\u00aa planta\">Piso de la 3\u00aa planta<\/option><option value=\"Piso de la 4\u00aa planta\">Piso de la 4\u00aa planta<\/option><option value=\"No estacionar\">No estacionar<\/option><option value=\"Calle Mayor\">Calle Mayor<\/option><option value=\"Otros\">Otros<\/option><\/select><\/span>\n<\/p>\n<p><label>\u00bfSe requiere servicio de embalaje? <\/label>\n<\/p>\n<p><span class=\"wpcf7-form-control-wrap\" data-name=\"packing-service\"><input size=\"40\" maxlength=\"400\" class=\"wpcf7-form-control wpcf7-text\" aria-invalid=\"false\" value=\"\" type=\"text\" name=\"packing-service\" \/><\/span>\n<\/p>\n<p><label>Direcci\u00f3n de entrega 1 <\/label>\n<\/p>\n<p><span class=\"wpcf7-form-control-wrap\" data-name=\"delivery-address1\"><input size=\"40\" maxlength=\"400\" class=\"wpcf7-form-control wpcf7-text\" aria-invalid=\"false\" value=\"\" type=\"text\" name=\"delivery-address1\" \/><\/span>\n<\/p>\n<p><label>Direcci\u00f3n de entrega 2 <\/label>\n<\/p>\n<p><span class=\"wpcf7-form-control-wrap\" data-name=\"delivery-address2\"><input size=\"40\" maxlength=\"400\" class=\"wpcf7-form-control wpcf7-text\" aria-invalid=\"false\" value=\"\" type=\"text\" name=\"delivery-address2\" \/><\/span>\n<\/p>\n<p><label>Entrega Pueblo\/Ciudad <\/label>\n<\/p>\n<p><span class=\"wpcf7-form-control-wrap\" data-name=\"delivery-towncity\"><input size=\"40\" maxlength=\"400\" class=\"wpcf7-form-control wpcf7-text\" aria-invalid=\"false\" value=\"\" type=\"text\" name=\"delivery-towncity\" \/><\/span>\n<\/p>\n<p><label>Condado de entrega <\/label>\n<\/p>\n<p><span class=\"wpcf7-form-control-wrap\" data-name=\"delivery-county\"><input size=\"40\" maxlength=\"400\" class=\"wpcf7-form-control wpcf7-text\" aria-invalid=\"false\" value=\"\" type=\"text\" name=\"delivery-county\" \/><\/span>\n<\/p>\n<p><label>C\u00f3digo postal de entrega <\/label>\n<\/p>\n<p><span class=\"wpcf7-form-control-wrap\" data-name=\"delivery-postcode\"><input size=\"40\" maxlength=\"400\" class=\"wpcf7-form-control wpcf7-text\" aria-invalid=\"false\" value=\"\" type=\"text\" name=\"delivery-postcode\" \/><\/span>\n<\/p>\n<p><label>Pa\u00eds de entrega <\/label>\n<\/p>\n<p><span class=\"wpcf7-form-control-wrap\" data-name=\"delivery-country\"><input size=\"40\" maxlength=\"400\" class=\"wpcf7-form-control wpcf7-text\" aria-invalid=\"false\" value=\"\" type=\"text\" name=\"delivery-country\" \/><\/span>\n<\/p>\n<p><label>Fecha de entrega <\/label>\n<\/p>\n<p><span class=\"wpcf7-form-control-wrap\" data-name=\"deliverydate\"><input size=\"40\" maxlength=\"400\" class=\"wpcf7-form-control wpcf7-text\" aria-invalid=\"false\" placeholder=\"ejemplo 13\/06\/2016\" value=\"\" type=\"text\" name=\"deliverydate\" \/><\/span>\n<\/p>\n<p><label>Contacto de entrega <\/label>\n<\/p>\n<p><span class=\"wpcf7-form-control-wrap\" data-name=\"delivery-contact\"><input size=\"40\" maxlength=\"400\" class=\"wpcf7-form-control wpcf7-text\" aria-invalid=\"false\" value=\"\" type=\"text\" name=\"delivery-contact\" \/><\/span>\n<\/p>\n<p><label>Tel\u00e9fono de entrega <\/label>\n<\/p>\n<p><span class=\"wpcf7-form-control-wrap\" data-name=\"delivery-telephone\"><input size=\"40\" maxlength=\"400\" class=\"wpcf7-form-control wpcf7-text\" aria-invalid=\"false\" value=\"\" type=\"text\" name=\"delivery-telephone\" \/><\/span>\n<\/p>\n<p><label>Entrega m\u00f3vil (requerido)<\/label>\n<\/p>\n<p><span class=\"wpcf7-form-control-wrap\" data-name=\"delivery-mobile\"><input size=\"40\" maxlength=\"400\" class=\"wpcf7-form-control wpcf7-text wpcf7-validates-as-required\" aria-required=\"true\" aria-invalid=\"false\" value=\"\" type=\"text\" name=\"delivery-mobile\" \/><\/span>\n<\/p>\n<p><label>Acceso a la entrega <\/label>\n<\/p>\n<p><span class=\"wpcf7-form-control-wrap\" data-name=\"deliveryaccess\"><select class=\"wpcf7-form-control wpcf7-select\" aria-invalid=\"false\" name=\"deliveryaccess\"><option value=\"House\">House<\/option><option value=\"Bungalow\">Bungalow<\/option><option value=\"Piso en la planta baja\">Piso en la planta baja<\/option><option value=\"Piso de la 1\u00aa planta\">Piso de la 1\u00aa planta<\/option><option value=\"Piso de la 2\u00aa planta\">Piso de la 2\u00aa planta<\/option><option value=\"Piso de la 3\u00aa planta\">Piso de la 3\u00aa planta<\/option><option value=\"Piso de la 4\u00aa planta\">Piso de la 4\u00aa planta<\/option><option value=\"No estacionar\">No estacionar<\/option><option value=\"Calle Mayor\">Calle Mayor<\/option><option value=\"Otros\">Otros<\/option><\/select><\/span>\n<\/p>\n<p><label>Art\u00edculos a enviar<\/label>\n<\/p>\n<p><span class=\"wpcf7-form-control-wrap\" data-name=\"items-tobeshipped\"><textarea cols=\"40\" rows=\"10\" maxlength=\"2000\" class=\"wpcf7-form-control wpcf7-textarea\" aria-invalid=\"false\" name=\"items-tobeshipped\"><\/textarea><\/span>\n<\/p>\n<p><label>informaci\u00f3n adicional<\/label>\n<\/p>\n<p><span class=\"wpcf7-form-control-wrap\" data-name=\"additional-info\"><textarea cols=\"40\" rows=\"10\" maxlength=\"2000\" class=\"wpcf7-form-control wpcf7-textarea\" aria-invalid=\"false\" name=\"additional-info\"><\/textarea><\/span>\n<\/p>\n<p><label>N\u00famero de items <\/label>\n<\/p>\n<p><span class=\"wpcf7-form-control-wrap\" data-name=\"number-ofitems\"><input size=\"40\" maxlength=\"400\" class=\"wpcf7-form-control wpcf7-text\" aria-invalid=\"false\" value=\"\" type=\"text\" name=\"number-ofitems\" \/><\/span>\n<\/p>\n<p><label>Precio Cotizado <\/label>\n<\/p>\n<p><span class=\"wpcf7-form-control-wrap\" data-name=\"price-quoted\"><input size=\"40\" maxlength=\"400\" class=\"wpcf7-form-control wpcf7-text\" aria-invalid=\"false\" value=\"\" type=\"text\" name=\"price-quoted\" \/><\/span>\n<\/p>\n<p><label>M\u00e9todo de pago <\/label>\n<\/p>\n<p><span class=\"wpcf7-form-control-wrap\" data-name=\"payment-method\"><input size=\"40\" maxlength=\"400\" class=\"wpcf7-form-control wpcf7-text\" aria-invalid=\"false\" value=\"\" type=\"text\" name=\"payment-method\" \/><\/span>\n<\/p>\n<h3>T\u00e9rminos y condiciones\n<\/h3>\n<p class=\"desc\">Declaraci\u00f3n de seguro. Debe escribir \"S\u00cd\" para aceptar declararnos, por escrito, el valor de los bienes que se retiran y\/o se almacenan antes de la fecha de retiro; de lo contrario, se reducir\u00e1 la cobertura de su seguro* (obligatorio)\n<\/p>\n<p class=\"small\"><span class=\"wpcf7-form-control-wrap\" data-name=\"must-typeyesinsurance\"><input size=\"40\" maxlength=\"400\" class=\"wpcf7-form-control wpcf7-text wpcf7-validates-as-required\" aria-required=\"true\" aria-invalid=\"false\" placeholder=\"Escriba S\u00cd aqu\u00ed...\" value=\"\" type=\"text\" name=\"must-typeyesinsurance\" \/><\/span>\n<\/p>\n<p class=\"desc\">Escriba S\u00cd que ha recibido y aceptado nuestros T\u00e9rminos y condiciones y tambi\u00e9n que los bienes son de su propiedad libre de grav\u00e1menes, o que est\u00e1 autorizado a celebrar este contrato en nombre del propietario de los bienes (obligatorio)\n<\/p>\n<p class=\"small\"><span class=\"wpcf7-form-control-wrap\" data-name=\"must-termsandconditions\"><input size=\"40\" maxlength=\"400\" class=\"wpcf7-form-control wpcf7-text wpcf7-validates-as-required\" aria-required=\"true\" aria-invalid=\"false\" placeholder=\"Escriba S\u00cd aqu\u00ed...\" value=\"\" type=\"text\" name=\"must-termsandconditions\" \/><\/span>\n<\/p>\n<p>Haga clic aqu\u00ed para ver los <a href=\"https:\/\/www.malagaremovals.com\/terms-and-conditions\/\" target=\"_blank\">t\u00e9rminos y condiciones<\/a>\n<\/p>\n<h3>Permiso de contacto\n<\/h3>\n<p class=\"desc\">De vez en cuando nos gustar\u00eda recibir boletines y ofertas y la informaci\u00f3n m\u00e1s reciente de Exclusive Removals Limited por correo electr\u00f3nico, correo postal, SMS y otros medios electr\u00f3nicos. Nos tomamos muy en serio su privacidad y solo utilizaremos su informaci\u00f3n personal para administrar su cuenta y proporcionar los servicios que nos ha solicitado. Si acepta que nos comuniquemos con usted para este prop\u00f3sito, marque para decir c\u00f3mo desea que nos comuniquemos con usted.\n<\/p>\n<p class=\"inline\"><span class=\"wpcf7-form-control-wrap\" data-name=\"checkbox-249\"><span class=\"wpcf7-form-control wpcf7-checkbox\"><span class=\"wpcf7-list-item first\"><label><input type=\"checkbox\" name=\"checkbox-249[]\" value=\"Postal\" \/><span class=\"wpcf7-list-item-label\">Postal<\/span><\/label><\/span><span class=\"wpcf7-list-item\"><label><input type=\"checkbox\" name=\"checkbox-249[]\" value=\"Correo electr\u00f3nico\" \/><span class=\"wpcf7-list-item-label\">Correo electr\u00f3nico<\/span><\/label><\/span><span class=\"wpcf7-list-item\"><label><input type=\"checkbox\" name=\"checkbox-249[]\" value=\"Tel\u00e9fono\" \/><span class=\"wpcf7-list-item-label\">Tel\u00e9fono<\/span><\/label><\/span><span class=\"wpcf7-list-item last\"><label><input type=\"checkbox\" name=\"checkbox-249[]\" value=\"SMS\" \/><span class=\"wpcf7-list-item-label\">SMS<\/span><\/label><\/span><\/span><\/span>\n<\/p>\n<div class=\"column one\">\n\t<p class=\"desc\">H\u00e1ganos saber que es humano ingresando los siguientes 4 d\u00edgitos en el cuadro:\n\t<\/p>\n\t<p class=\"small\"><input type=\"hidden\" name=\"_wpcf7_captcha_challenge_captcha-176\" value=\"3674431392\" \/><img decoding=\"async\" class=\"wpcf7-form-control wpcf7-captchac wpcf7-captcha-captcha-176\" width=\"72\" height=\"24\" alt=\"captcha\" src=\"https:\/\/www.malagaremovals.com\/wp-content\/uploads\/wpcf7_captcha\/3674431392.png\" \/><span class=\"wpcf7-form-control-wrap\" data-name=\"captcha-176\"><input size=\"40\" class=\"wpcf7-form-control wpcf7-captchar\" autocomplete=\"off\" aria-invalid=\"false\" value=\"\" type=\"text\" name=\"captcha-176\" \/><\/span>\n\t<\/p>\n<\/div>\n<p class=\"small\">[wpgdprc use_label_element \"Al utilizar este formulario, usted acepta el almacenamiento y manejo de sus datos por parte de este sitio web.\"]\n<\/p>\n<p><span id=\"wpcf7-69f26da0dbff9-wrapper\" class=\"wpcf7-form-control-wrap website-wrap\" style=\"display:none !important; visibility:hidden !important;\"><label for=\"wpcf7-69f26da0dbff9-field\" class=\"hp-message\">Por favor, deja este campo vac\u00edo.<\/label><input id=\"wpcf7-69f26da0dbff9-field\"  class=\"wpcf7-form-control wpcf7-text\" type=\"text\" name=\"website\" value=\"\" size=\"40\" tabindex=\"-1\" autocomplete=\"new-password\" \/><\/span>\n<\/p>\n<div class=\"btn-container\">\n\t<p><input class=\"wpcf7-form-control wpcf7-submit has-spinner uk-button uk-button-large\" type=\"submit\" value=\"Enviar\" \/>\n\t<\/p>\n<\/div><p style=\"display: none !important;\" class=\"akismet-fields-container\" data-prefix=\"_wpcf7_ak_\"><label>&#916;<textarea name=\"_wpcf7_ak_hp_textarea\" cols=\"45\" rows=\"8\" maxlength=\"100\"><\/textarea><\/label><input type=\"hidden\" id=\"ak_js_1\" name=\"_wpcf7_ak_js\" value=\"92\"\/><script>document.getElementById( \"ak_js_1\" ).setAttribute( \"value\", ( new Date() ).getTime() );<\/script><\/p><div class=\"wpcf7-response-output\" aria-hidden=\"true\"><\/div>\n<\/form>\n<\/div>\n<\/div>\n","protected":false},"excerpt":{"rendered":"<p>Confirmaci\u00f3n de reserva de mudanza Por favor complete el siguiente formulario, en los campos requeridos si no tiene la informaci\u00f3n simplemente coloque una \u00abx\u00bb en el campo. Descargue y conserve una copia de nuestros T\u00e9rminos y condiciones<\/p>\n","protected":false},"author":1,"featured_media":0,"parent":0,"menu_order":0,"comment_status":"closed","ping_status":"closed","template":"","meta":{"_acf_changed":false,"footnotes":""},"class_list":["post-3846","page","type-page","status-publish","hentry"],"acf":[],"yoast_head":"<!-- This site is optimized with the Yoast SEO plugin v26.6 - https:\/\/yoast.com\/wordpress\/plugins\/seo\/ -->\n<title>Confirmaci\u00f3n de Reserva de Retiro<\/title>\n<meta name=\"description\" content=\"Su Confirmaci\u00f3n de Reserva de Mudanza con Mudanzas Algarve\" \/>\n<meta name=\"robots\" content=\"index, follow, max-snippet:-1, max-image-preview:large, max-video-preview:-1\" \/>\n<link rel=\"canonical\" href=\"https:\/\/www.malagaremovals.com\/es\/confirmacion-de-reserva\/\" \/>\n<meta property=\"og:locale\" content=\"es_ES\" \/>\n<meta property=\"og:type\" content=\"article\" \/>\n<meta property=\"og:title\" content=\"Confirmaci\u00f3n de Reserva de Retiro\" \/>\n<meta property=\"og:description\" content=\"Su Confirmaci\u00f3n de Reserva de Mudanza con Mudanzas Algarve\" \/>\n<meta property=\"og:url\" content=\"https:\/\/www.malagaremovals.com\/es\/confirmacion-de-reserva\/\" \/>\n<meta property=\"og:site_name\" content=\"Malaga Removals\" \/>\n<meta property=\"article:publisher\" content=\"https:\/\/www.facebook.com\/algarve.removals\/\" \/>\n<meta property=\"article:modified_time\" content=\"2022-03-16T17:08:19+00:00\" \/>\n<meta name=\"twitter:card\" content=\"summary_large_image\" \/>\n<meta name=\"twitter:label1\" content=\"Tiempo de lectura\" \/>\n\t<meta name=\"twitter:data1\" content=\"1 minuto\" \/>\n<script type=\"application\/ld+json\" class=\"yoast-schema-graph\">{\"@context\":\"https:\/\/schema.org\",\"@graph\":[{\"@type\":\"WebPage\",\"@id\":\"https:\/\/www.malagaremovals.com\/es\/confirmacion-de-reserva\/\",\"url\":\"https:\/\/www.malagaremovals.com\/es\/confirmacion-de-reserva\/\",\"name\":\"Confirmaci\u00f3n de Reserva de Retiro\",\"isPartOf\":{\"@id\":\"https:\/\/www.malagaremovals.com\/es\/#website\"},\"datePublished\":\"2022-03-14T13:17:18+00:00\",\"dateModified\":\"2022-03-16T17:08:19+00:00\",\"description\":\"Su Confirmaci\u00f3n de Reserva de Mudanza con Mudanzas Algarve\",\"breadcrumb\":{\"@id\":\"https:\/\/www.malagaremovals.com\/es\/confirmacion-de-reserva\/#breadcrumb\"},\"inLanguage\":\"es\",\"potentialAction\":[{\"@type\":\"ReadAction\",\"target\":[\"https:\/\/www.malagaremovals.com\/es\/confirmacion-de-reserva\/\"]}]},{\"@type\":\"BreadcrumbList\",\"@id\":\"https:\/\/www.malagaremovals.com\/es\/confirmacion-de-reserva\/#breadcrumb\",\"itemListElement\":[{\"@type\":\"ListItem\",\"position\":1,\"name\":\"Home\",\"item\":\"https:\/\/www.malagaremovals.com\/es\/\"},{\"@type\":\"ListItem\",\"position\":2,\"name\":\"Confirmaci\u00f3n de reserva\"}]},{\"@type\":\"WebSite\",\"@id\":\"https:\/\/www.malagaremovals.com\/es\/#website\",\"url\":\"https:\/\/www.malagaremovals.com\/es\/\",\"name\":\"Malaga Removals\",\"description\":\"Removals Services to Malaga Spain\",\"potentialAction\":[{\"@type\":\"SearchAction\",\"target\":{\"@type\":\"EntryPoint\",\"urlTemplate\":\"https:\/\/www.malagaremovals.com\/es\/?s={search_term_string}\"},\"query-input\":{\"@type\":\"PropertyValueSpecification\",\"valueRequired\":true,\"valueName\":\"search_term_string\"}}],\"inLanguage\":\"es\"}]}<\/script>\n<!-- \/ Yoast SEO plugin. -->","yoast_head_json":{"title":"Confirmaci\u00f3n de Reserva de Retiro","description":"Su Confirmaci\u00f3n de Reserva de Mudanza con Mudanzas Algarve","robots":{"index":"index","follow":"follow","max-snippet":"max-snippet:-1","max-image-preview":"max-image-preview:large","max-video-preview":"max-video-preview:-1"},"canonical":"https:\/\/www.malagaremovals.com\/es\/confirmacion-de-reserva\/","og_locale":"es_ES","og_type":"article","og_title":"Confirmaci\u00f3n de Reserva de Retiro","og_description":"Su Confirmaci\u00f3n de Reserva de Mudanza con Mudanzas Algarve","og_url":"https:\/\/www.malagaremovals.com\/es\/confirmacion-de-reserva\/","og_site_name":"Malaga Removals","article_publisher":"https:\/\/www.facebook.com\/algarve.removals\/","article_modified_time":"2022-03-16T17:08:19+00:00","twitter_card":"summary_large_image","twitter_misc":{"Tiempo de lectura":"1 minuto"},"schema":{"@context":"https:\/\/schema.org","@graph":[{"@type":"WebPage","@id":"https:\/\/www.malagaremovals.com\/es\/confirmacion-de-reserva\/","url":"https:\/\/www.malagaremovals.com\/es\/confirmacion-de-reserva\/","name":"Confirmaci\u00f3n de Reserva de Retiro","isPartOf":{"@id":"https:\/\/www.malagaremovals.com\/es\/#website"},"datePublished":"2022-03-14T13:17:18+00:00","dateModified":"2022-03-16T17:08:19+00:00","description":"Su Confirmaci\u00f3n de Reserva de Mudanza con Mudanzas Algarve","breadcrumb":{"@id":"https:\/\/www.malagaremovals.com\/es\/confirmacion-de-reserva\/#breadcrumb"},"inLanguage":"es","potentialAction":[{"@type":"ReadAction","target":["https:\/\/www.malagaremovals.com\/es\/confirmacion-de-reserva\/"]}]},{"@type":"BreadcrumbList","@id":"https:\/\/www.malagaremovals.com\/es\/confirmacion-de-reserva\/#breadcrumb","itemListElement":[{"@type":"ListItem","position":1,"name":"Home","item":"https:\/\/www.malagaremovals.com\/es\/"},{"@type":"ListItem","position":2,"name":"Confirmaci\u00f3n de reserva"}]},{"@type":"WebSite","@id":"https:\/\/www.malagaremovals.com\/es\/#website","url":"https:\/\/www.malagaremovals.com\/es\/","name":"Malaga Removals","description":"Removals Services to Malaga Spain","potentialAction":[{"@type":"SearchAction","target":{"@type":"EntryPoint","urlTemplate":"https:\/\/www.malagaremovals.com\/es\/?s={search_term_string}"},"query-input":{"@type":"PropertyValueSpecification","valueRequired":true,"valueName":"search_term_string"}}],"inLanguage":"es"}]}},"_links":{"self":[{"href":"https:\/\/www.malagaremovals.com\/es\/wp-json\/wp\/v2\/pages\/3846","targetHints":{"allow":["GET"]}}],"collection":[{"href":"https:\/\/www.malagaremovals.com\/es\/wp-json\/wp\/v2\/pages"}],"about":[{"href":"https:\/\/www.malagaremovals.com\/es\/wp-json\/wp\/v2\/types\/page"}],"author":[{"embeddable":true,"href":"https:\/\/www.malagaremovals.com\/es\/wp-json\/wp\/v2\/users\/1"}],"replies":[{"embeddable":true,"href":"https:\/\/www.malagaremovals.com\/es\/wp-json\/wp\/v2\/comments?post=3846"}],"version-history":[{"count":6,"href":"https:\/\/www.malagaremovals.com\/es\/wp-json\/wp\/v2\/pages\/3846\/revisions"}],"predecessor-version":[{"id":4566,"href":"https:\/\/www.malagaremovals.com\/es\/wp-json\/wp\/v2\/pages\/3846\/revisions\/4566"}],"wp:attachment":[{"href":"https:\/\/www.malagaremovals.com\/es\/wp-json\/wp\/v2\/media?parent=3846"}],"curies":[{"name":"wp","href":"https:\/\/api.w.org\/{rel}","templated":true}]}}