{"id":2850,"date":"2019-06-26T13:32:52","date_gmt":"2019-06-26T13:32:52","guid":{"rendered":"https:\/\/www.algarveremovals.com\/specialist-removal-services-to-and-from-the-uk-and-the-portugal-and-spain\/"},"modified":"2022-04-25T21:19:49","modified_gmt":"2022-04-25T21:19:49","slug":"specialist-removal-services-to-and-from-the-uk-and-the-portugal-and-spain","status":"publish","type":"page","link":"https:\/\/www.malagaremovals.com\/es\/","title":{"rendered":"Servicios de mudanza especializados desde y hacia el Reino Unido y M\u00e1laga, Espa\u00f1a"},"content":{"rendered":"","protected":false},"excerpt":{"rendered":"","protected":false},"author":1,"featured_media":0,"parent":0,"menu_order":0,"comment_status":"closed","ping_status":"closed","template":"","meta":{"_acf_changed":false,"footnotes":""},"class_list":["post-2850","page","type-page","status-publish","hentry"],"acf":[],"yoast_head":"<!-- This site is optimized with the Yoast SEO plugin v26.6 - https:\/\/yoast.com\/wordpress\/plugins\/seo\/ -->\n<title>Servicios de mudanza especializados desde y hacia el Reino Unido y M\u00e1laga, Espa\u00f1a<\/title>\n<meta name=\"description\" content=\"Bienvenido a Mudanzas M\u00e1laga. Servicios de mudanza especializados desde y hacia el Reino Unido y M\u00e1laga, Espa\u00f1a. Cotizaciones gratis en l\u00ednea. Llame ahora al 01621 850 070\" \/>\n<meta name=\"robots\" content=\"index, follow, max-snippet:-1, max-image-preview:large, max-video-preview:-1\" \/>\n<link rel=\"canonical\" href=\"https:\/\/www.malagaremovals.com\/es\/\" \/>\n<meta property=\"og:locale\" content=\"es_ES\" \/>\n<meta property=\"og:type\" content=\"article\" \/>\n<meta property=\"og:title\" content=\"Servicios de mudanza especializados desde y hacia el Reino Unido y M\u00e1laga, Espa\u00f1a\" \/>\n<meta property=\"og:description\" content=\"Bienvenido a Mudanzas M\u00e1laga. Servicios de mudanza especializados desde y hacia el Reino Unido y M\u00e1laga, Espa\u00f1a. Cotizaciones gratis en l\u00ednea. Llame ahora al 01621 850 070\" \/>\n<meta property=\"og:url\" content=\"https:\/\/www.malagaremovals.com\/es\/\" \/>\n<meta property=\"og:site_name\" content=\"Malaga Removals\" \/>\n<meta property=\"article:publisher\" content=\"https:\/\/www.facebook.com\/algarve.removals\/\" \/>\n<meta property=\"article:modified_time\" content=\"2022-04-25T21:19:49+00:00\" \/>\n<meta name=\"twitter:card\" content=\"summary_large_image\" \/>\n<script type=\"application\/ld+json\" class=\"yoast-schema-graph\">{\"@context\":\"https:\/\/schema.org\",\"@graph\":[{\"@type\":\"WebPage\",\"@id\":\"https:\/\/www.malagaremovals.com\/es\/\",\"url\":\"https:\/\/www.malagaremovals.com\/es\/\",\"name\":\"Servicios de mudanza especializados desde y hacia el Reino Unido y M\u00e1laga, Espa\u00f1a\",\"isPartOf\":{\"@id\":\"https:\/\/www.malagaremovals.com\/es\/#website\"},\"datePublished\":\"2019-06-26T13:32:52+00:00\",\"dateModified\":\"2022-04-25T21:19:49+00:00\",\"description\":\"Bienvenido a Mudanzas M\u00e1laga. Servicios de mudanza especializados desde y hacia el Reino Unido y M\u00e1laga, Espa\u00f1a. Cotizaciones gratis en l\u00ednea. Llame ahora al 01621 850 070\",\"breadcrumb\":{\"@id\":\"https:\/\/www.malagaremovals.com\/es\/#breadcrumb\"},\"inLanguage\":\"es\",\"potentialAction\":[{\"@type\":\"ReadAction\",\"target\":[\"https:\/\/www.malagaremovals.com\/es\/\"]}]},{\"@type\":\"BreadcrumbList\",\"@id\":\"https:\/\/www.malagaremovals.com\/es\/#breadcrumb\",\"itemListElement\":[{\"@type\":\"ListItem\",\"position\":1,\"name\":\"Home\",\"item\":\"https:\/\/www.malagaremovals.com\/es\/\"},{\"@type\":\"ListItem\",\"position\":2,\"name\":\"Servicios de mudanza especializados desde y hacia el Reino Unido y M\u00e1laga, Espa\u00f1a\"}]},{\"@type\":\"WebSite\",\"@id\":\"https:\/\/www.malagaremovals.com\/es\/#website\",\"url\":\"https:\/\/www.malagaremovals.com\/es\/\",\"name\":\"Malaga Removals\",\"description\":\"Removals Services to Malaga Spain\",\"potentialAction\":[{\"@type\":\"SearchAction\",\"target\":{\"@type\":\"EntryPoint\",\"urlTemplate\":\"https:\/\/www.malagaremovals.com\/es\/?s={search_term_string}\"},\"query-input\":{\"@type\":\"PropertyValueSpecification\",\"valueRequired\":true,\"valueName\":\"search_term_string\"}}],\"inLanguage\":\"es\"}]}<\/script>\n<!-- \/ Yoast SEO plugin. -->","yoast_head_json":{"title":"Servicios de mudanza especializados desde y hacia el Reino Unido y M\u00e1laga, Espa\u00f1a","description":"Bienvenido a Mudanzas M\u00e1laga. Servicios de mudanza especializados desde y hacia el Reino Unido y M\u00e1laga, Espa\u00f1a. Cotizaciones gratis en l\u00ednea. Llame ahora al 01621 850 070","robots":{"index":"index","follow":"follow","max-snippet":"max-snippet:-1","max-image-preview":"max-image-preview:large","max-video-preview":"max-video-preview:-1"},"canonical":"https:\/\/www.malagaremovals.com\/es\/","og_locale":"es_ES","og_type":"article","og_title":"Servicios de mudanza especializados desde y hacia el Reino Unido y M\u00e1laga, Espa\u00f1a","og_description":"Bienvenido a Mudanzas M\u00e1laga. Servicios de mudanza especializados desde y hacia el Reino Unido y M\u00e1laga, Espa\u00f1a. Cotizaciones gratis en l\u00ednea. Llame ahora al 01621 850 070","og_url":"https:\/\/www.malagaremovals.com\/es\/","og_site_name":"Malaga Removals","article_publisher":"https:\/\/www.facebook.com\/algarve.removals\/","article_modified_time":"2022-04-25T21:19:49+00:00","twitter_card":"summary_large_image","schema":{"@context":"https:\/\/schema.org","@graph":[{"@type":"WebPage","@id":"https:\/\/www.malagaremovals.com\/es\/","url":"https:\/\/www.malagaremovals.com\/es\/","name":"Servicios de mudanza especializados desde y hacia el Reino Unido y M\u00e1laga, Espa\u00f1a","isPartOf":{"@id":"https:\/\/www.malagaremovals.com\/es\/#website"},"datePublished":"2019-06-26T13:32:52+00:00","dateModified":"2022-04-25T21:19:49+00:00","description":"Bienvenido a Mudanzas M\u00e1laga. Servicios de mudanza especializados desde y hacia el Reino Unido y M\u00e1laga, Espa\u00f1a. Cotizaciones gratis en l\u00ednea. Llame ahora al 01621 850 070","breadcrumb":{"@id":"https:\/\/www.malagaremovals.com\/es\/#breadcrumb"},"inLanguage":"es","potentialAction":[{"@type":"ReadAction","target":["https:\/\/www.malagaremovals.com\/es\/"]}]},{"@type":"BreadcrumbList","@id":"https:\/\/www.malagaremovals.com\/es\/#breadcrumb","itemListElement":[{"@type":"ListItem","position":1,"name":"Home","item":"https:\/\/www.malagaremovals.com\/es\/"},{"@type":"ListItem","position":2,"name":"Servicios de mudanza especializados desde y hacia el Reino Unido y M\u00e1laga, Espa\u00f1a"}]},{"@type":"WebSite","@id":"https:\/\/www.malagaremovals.com\/es\/#website","url":"https:\/\/www.malagaremovals.com\/es\/","name":"Malaga Removals","description":"Removals Services to Malaga Spain","potentialAction":[{"@type":"SearchAction","target":{"@type":"EntryPoint","urlTemplate":"https:\/\/www.malagaremovals.com\/es\/?s={search_term_string}"},"query-input":{"@type":"PropertyValueSpecification","valueRequired":true,"valueName":"search_term_string"}}],"inLanguage":"es"}]}},"_links":{"self":[{"href":"https:\/\/www.malagaremovals.com\/es\/wp-json\/wp\/v2\/pages\/2850","targetHints":{"allow":["GET"]}}],"collection":[{"href":"https:\/\/www.malagaremovals.com\/es\/wp-json\/wp\/v2\/pages"}],"about":[{"href":"https:\/\/www.malagaremovals.com\/es\/wp-json\/wp\/v2\/types\/page"}],"author":[{"embeddable":true,"href":"https:\/\/www.malagaremovals.com\/es\/wp-json\/wp\/v2\/users\/1"}],"replies":[{"embeddable":true,"href":"https:\/\/www.malagaremovals.com\/es\/wp-json\/wp\/v2\/comments?post=2850"}],"version-history":[{"count":10,"href":"https:\/\/www.malagaremovals.com\/es\/wp-json\/wp\/v2\/pages\/2850\/revisions"}],"predecessor-version":[{"id":4974,"href":"https:\/\/www.malagaremovals.com\/es\/wp-json\/wp\/v2\/pages\/2850\/revisions\/4974"}],"wp:attachment":[{"href":"https:\/\/www.malagaremovals.com\/es\/wp-json\/wp\/v2\/media?parent=2850"}],"curies":[{"name":"wp","href":"https:\/\/api.w.org\/{rel}","templated":true}]}}