{"id":2745,"date":"2019-06-26T08:46:58","date_gmt":"2019-06-26T08:46:58","guid":{"rendered":"https:\/\/www.algarveremovals.com\/site-map\/"},"modified":"2022-04-25T22:10:11","modified_gmt":"2022-04-25T22:10:11","slug":"mapa-del-sitio","status":"publish","type":"page","link":"https:\/\/www.malagaremovals.com\/es\/mapa-del-sitio\/","title":{"rendered":"Mapa del sitio"},"content":{"rendered":"<p>[simple-sitemap]<\/p>\n","protected":false},"excerpt":{"rendered":"[simple-sitemap]","protected":false},"author":1,"featured_media":0,"parent":0,"menu_order":0,"comment_status":"closed","ping_status":"closed","template":"","meta":{"_acf_changed":false,"footnotes":""},"class_list":["post-2745","page","type-page","status-publish","hentry"],"acf":[],"yoast_head":"<!-- This site is optimized with the Yoast SEO plugin v26.6 - https:\/\/yoast.com\/wordpress\/plugins\/seo\/ -->\n<title>Mapa del sitio - Mudanzas M\u00e1laga<\/title>\n<meta name=\"description\" content=\"Malaga Mudanzas tiene 15 a\u00f1os de experiencia y es especialista en ofrecer soluciones profesionales y convenientes cuando se muda a Portugal.\" \/>\n<meta name=\"robots\" content=\"index, follow, max-snippet:-1, max-image-preview:large, max-video-preview:-1\" \/>\n<link rel=\"canonical\" href=\"https:\/\/www.malagaremovals.com\/es\/mapa-del-sitio\/\" \/>\n<meta property=\"og:locale\" content=\"es_ES\" \/>\n<meta property=\"og:type\" content=\"article\" \/>\n<meta property=\"og:title\" content=\"Sobre las mudanzas de Algarve\" \/>\n<meta property=\"og:description\" content=\"Malaga Removals es una empresa familiar de reubicaci\u00f3n internacional. Contamos con m\u00e1s de 15 a\u00f1os de experiencia en el comercio de transportes y mudanzas Ahora nos especializamos en ofrecer a nuestros clientes una soluci\u00f3n m\u00e1s profesional y conveniente al mudarse a Algarve, Portugal.\" \/>\n<meta property=\"og:url\" content=\"https:\/\/www.malagaremovals.com\/es\/mapa-del-sitio\/\" \/>\n<meta property=\"og:site_name\" content=\"Malaga Removals\" \/>\n<meta property=\"article:publisher\" content=\"https:\/\/www.facebook.com\/algarve.removals\/\" \/>\n<meta property=\"article:modified_time\" content=\"2022-04-25T22:10:11+00:00\" \/>\n<meta name=\"twitter:card\" content=\"summary_large_image\" \/>\n<script type=\"application\/ld+json\" class=\"yoast-schema-graph\">{\"@context\":\"https:\/\/schema.org\",\"@graph\":[{\"@type\":\"WebPage\",\"@id\":\"https:\/\/www.malagaremovals.com\/es\/mapa-del-sitio\/\",\"url\":\"https:\/\/www.malagaremovals.com\/es\/mapa-del-sitio\/\",\"name\":\"Mapa del sitio - Mudanzas M\u00e1laga\",\"isPartOf\":{\"@id\":\"https:\/\/www.malagaremovals.com\/es\/#website\"},\"datePublished\":\"2019-06-26T08:46:58+00:00\",\"dateModified\":\"2022-04-25T22:10:11+00:00\",\"description\":\"Malaga Mudanzas tiene 15 a\u00f1os de experiencia y es especialista en ofrecer soluciones profesionales y convenientes cuando se muda a Portugal.\",\"breadcrumb\":{\"@id\":\"https:\/\/www.malagaremovals.com\/es\/mapa-del-sitio\/#breadcrumb\"},\"inLanguage\":\"es\",\"potentialAction\":[{\"@type\":\"ReadAction\",\"target\":[\"https:\/\/www.malagaremovals.com\/es\/mapa-del-sitio\/\"]}]},{\"@type\":\"BreadcrumbList\",\"@id\":\"https:\/\/www.malagaremovals.com\/es\/mapa-del-sitio\/#breadcrumb\",\"itemListElement\":[{\"@type\":\"ListItem\",\"position\":1,\"name\":\"Home\",\"item\":\"https:\/\/www.malagaremovals.com\/es\/\"},{\"@type\":\"ListItem\",\"position\":2,\"name\":\"Mapa del sitio\"}]},{\"@type\":\"WebSite\",\"@id\":\"https:\/\/www.malagaremovals.com\/es\/#website\",\"url\":\"https:\/\/www.malagaremovals.com\/es\/\",\"name\":\"Malaga Removals\",\"description\":\"Removals Services to Malaga Spain\",\"potentialAction\":[{\"@type\":\"SearchAction\",\"target\":{\"@type\":\"EntryPoint\",\"urlTemplate\":\"https:\/\/www.malagaremovals.com\/es\/?s={search_term_string}\"},\"query-input\":{\"@type\":\"PropertyValueSpecification\",\"valueRequired\":true,\"valueName\":\"search_term_string\"}}],\"inLanguage\":\"es\"}]}<\/script>\n<!-- \/ Yoast SEO plugin. -->","yoast_head_json":{"title":"Mapa del sitio - Mudanzas M\u00e1laga","description":"Malaga Mudanzas tiene 15 a\u00f1os de experiencia y es especialista en ofrecer soluciones profesionales y convenientes cuando se muda a Portugal.","robots":{"index":"index","follow":"follow","max-snippet":"max-snippet:-1","max-image-preview":"max-image-preview:large","max-video-preview":"max-video-preview:-1"},"canonical":"https:\/\/www.malagaremovals.com\/es\/mapa-del-sitio\/","og_locale":"es_ES","og_type":"article","og_title":"Sobre las mudanzas de Algarve","og_description":"Malaga Removals es una empresa familiar de reubicaci\u00f3n internacional. Contamos con m\u00e1s de 15 a\u00f1os de experiencia en el comercio de transportes y mudanzas Ahora nos especializamos en ofrecer a nuestros clientes una soluci\u00f3n m\u00e1s profesional y conveniente al mudarse a Algarve, Portugal.","og_url":"https:\/\/www.malagaremovals.com\/es\/mapa-del-sitio\/","og_site_name":"Malaga Removals","article_publisher":"https:\/\/www.facebook.com\/algarve.removals\/","article_modified_time":"2022-04-25T22:10:11+00:00","twitter_card":"summary_large_image","schema":{"@context":"https:\/\/schema.org","@graph":[{"@type":"WebPage","@id":"https:\/\/www.malagaremovals.com\/es\/mapa-del-sitio\/","url":"https:\/\/www.malagaremovals.com\/es\/mapa-del-sitio\/","name":"Mapa del sitio - Mudanzas M\u00e1laga","isPartOf":{"@id":"https:\/\/www.malagaremovals.com\/es\/#website"},"datePublished":"2019-06-26T08:46:58+00:00","dateModified":"2022-04-25T22:10:11+00:00","description":"Malaga Mudanzas tiene 15 a\u00f1os de experiencia y es especialista en ofrecer soluciones profesionales y convenientes cuando se muda a Portugal.","breadcrumb":{"@id":"https:\/\/www.malagaremovals.com\/es\/mapa-del-sitio\/#breadcrumb"},"inLanguage":"es","potentialAction":[{"@type":"ReadAction","target":["https:\/\/www.malagaremovals.com\/es\/mapa-del-sitio\/"]}]},{"@type":"BreadcrumbList","@id":"https:\/\/www.malagaremovals.com\/es\/mapa-del-sitio\/#breadcrumb","itemListElement":[{"@type":"ListItem","position":1,"name":"Home","item":"https:\/\/www.malagaremovals.com\/es\/"},{"@type":"ListItem","position":2,"name":"Mapa del sitio"}]},{"@type":"WebSite","@id":"https:\/\/www.malagaremovals.com\/es\/#website","url":"https:\/\/www.malagaremovals.com\/es\/","name":"Malaga Removals","description":"Removals Services to Malaga Spain","potentialAction":[{"@type":"SearchAction","target":{"@type":"EntryPoint","urlTemplate":"https:\/\/www.malagaremovals.com\/es\/?s={search_term_string}"},"query-input":{"@type":"PropertyValueSpecification","valueRequired":true,"valueName":"search_term_string"}}],"inLanguage":"es"}]}},"_links":{"self":[{"href":"https:\/\/www.malagaremovals.com\/es\/wp-json\/wp\/v2\/pages\/2745","targetHints":{"allow":["GET"]}}],"collection":[{"href":"https:\/\/www.malagaremovals.com\/es\/wp-json\/wp\/v2\/pages"}],"about":[{"href":"https:\/\/www.malagaremovals.com\/es\/wp-json\/wp\/v2\/types\/page"}],"author":[{"embeddable":true,"href":"https:\/\/www.malagaremovals.com\/es\/wp-json\/wp\/v2\/users\/1"}],"replies":[{"embeddable":true,"href":"https:\/\/www.malagaremovals.com\/es\/wp-json\/wp\/v2\/comments?post=2745"}],"version-history":[{"count":13,"href":"https:\/\/www.malagaremovals.com\/es\/wp-json\/wp\/v2\/pages\/2745\/revisions"}],"predecessor-version":[{"id":4969,"href":"https:\/\/www.malagaremovals.com\/es\/wp-json\/wp\/v2\/pages\/2745\/revisions\/4969"}],"wp:attachment":[{"href":"https:\/\/www.malagaremovals.com\/es\/wp-json\/wp\/v2\/media?parent=2745"}],"curies":[{"name":"wp","href":"https:\/\/api.w.org\/{rel}","templated":true}]}}